{"id":834,"date":"2025-02-10T04:59:37","date_gmt":"2025-02-10T08:59:37","guid":{"rendered":"https:\/\/izzydoll.org\/?page_id=834"},"modified":"2025-10-04T11:32:52","modified_gmt":"2025-10-04T15:32:52","slug":"knitting-pattern-shirley-oconnell","status":"publish","type":"page","link":"https:\/\/izzydoll.org\/fr\/izzy-doll-patterns\/knitting-pattern-shirley-oconnell\/","title":{"rendered":"Knitting Pattern (Shirley O&#8217;Connell)"},"content":{"rendered":"<figure class=\"wp-block-image size-full\"><img loading=\"lazy\" decoding=\"async\" width=\"4723\" height=\"624\" src=\"https:\/\/izzydoll.org\/wp-content\/uploads\/2024\/10\/header-izzy-dolls-5.png\" alt=\"\" class=\"wp-image-200\" srcset=\"https:\/\/izzydoll.org\/wp-content\/uploads\/2024\/10\/header-izzy-dolls-5.png 4723w, https:\/\/izzydoll.org\/wp-content\/uploads\/2024\/10\/header-izzy-dolls-5-300x40.png 300w, https:\/\/izzydoll.org\/wp-content\/uploads\/2024\/10\/header-izzy-dolls-5-1024x135.png 1024w, https:\/\/izzydoll.org\/wp-content\/uploads\/2024\/10\/header-izzy-dolls-5-768x101.png 768w, https:\/\/izzydoll.org\/wp-content\/uploads\/2024\/10\/header-izzy-dolls-5-1536x203.png 1536w, https:\/\/izzydoll.org\/wp-content\/uploads\/2024\/10\/header-izzy-dolls-5-2048x271.png 2048w, https:\/\/izzydoll.org\/wp-content\/uploads\/2024\/10\/header-izzy-dolls-5-18x2.png 18w\" sizes=\"auto, (max-width: 4723px) 100vw, 4723px\" \/><\/figure>\n\n\n\n<h3 class=\"wp-block-heading\">Mod\u00e8le de la poup\u00e9e Izzy - Tricot - Shirley O'Connell<\/h3>\n\n\n\n<p>Ce mod\u00e8le ou patron de la poup\u00e9e Izzy est celui sugg\u00e9r\u00e9 par notre Izzy Doll Mama, Shirley O'Connell. Pour t\u00e9l\u00e9charger une version imprimable de ce mod\u00e8le de la poup\u00e9e Izzy au tricot, <a href=\"https:\/\/izzydoll.org\/wp-content\/uploads\/2025\/04\/Izzy-Doll-Initiative-Knit-Pattern-EN-Shirley-OConnell.pdf\">svp cliquer ici<\/a>.<\/p>\n\n\n\n<p>Avez-vous des poup\u00e9es Izzy d\u00e9j\u00e0 confectionn\u00e9es que vous aimeriez donner pour cette initiative ? Merci !&nbsp;<a href=\"https:\/\/izzydoll.org\/fr\/drop-off-locations\/\">Cliquer ici<\/a>&nbsp;pour savoir o\u00f9 envoyer vos poup\u00e9es Izzy termin\u00e9es!<\/p>\n\n\n<a href=\"https:\/\/izzydoll.org\/wp-content\/uploads\/2025\/04\/Izzy-Doll-Initiative-Knit-Pattern-EN-Shirley-OConnell.pdf\" class=\"pdfemb-viewer\" style=\"\" data-width=\"max\" data-height=\"max\" data-toolbar=\"bottom\" data-toolbar-fixed=\"off\">Izzy-Doll-Initiative-Knit-Pattern-EN-Shirley-OConnell<\/a>\n\n\n<p>This pattern is also available in French and Dutch. Visit our <a href=\"https:\/\/izzydoll.org\/fr\/izzy-doll-pattern-language-optionsizzy-doll-initiative-language-resources\/\">Language Res<\/a><a href=\"https:\/\/izzydoll.org\/fr\/izzy-doll-initiative-language-resources\/\">ources Page<\/a> pour t\u00e9l\u00e9charger ces versions.<\/p>","protected":false},"excerpt":{"rendered":"<p>Izzy Doll Knitting Pattern by Shirley O&#8217;Connell This knitting pattern is the one suggested by Izzy Doll Mama, Shirley O&#8217;Connell. [&hellip;]<\/p>\n","protected":false},"author":2,"featured_media":835,"parent":74,"menu_order":0,"comment_status":"closed","ping_status":"closed","template":"","meta":{"site-sidebar-layout":"default","site-content-layout":"","ast-site-content-layout":"","site-content-style":"default","site-sidebar-style":"default","ast-global-header-display":"","ast-banner-title-visibility":"","ast-main-header-display":"","ast-hfb-above-header-display":"","ast-hfb-below-header-display":"","ast-hfb-mobile-header-display":"","site-post-title":"disabled","ast-breadcrumbs-content":"","ast-featured-img":"disabled","footer-sml-layout":"","ast-disable-related-posts":"","theme-transparent-header-meta":"","adv-header-id-meta":"","stick-header-meta":"","header-above-stick-meta":"","header-main-stick-meta":"","header-below-stick-meta":"","astra-migrate-meta-layouts":"default","ast-page-background-enabled":"default","ast-page-background-meta":{"desktop":{"background-color":"var(--ast-global-color-4)","background-image":"","background-repeat":"repeat","background-position":"center center","background-size":"auto","background-attachment":"scroll","background-type":"","background-media":"","overlay-type":"","overlay-color":"","overlay-opacity":"","overlay-gradient":""},"tablet":{"background-color":"","background-image":"","background-repeat":"repeat","background-position":"center center","background-size":"auto","background-attachment":"scroll","background-type":"","background-media":"","overlay-type":"","overlay-color":"","overlay-opacity":"","overlay-gradient":""},"mobile":{"background-color":"","background-image":"","background-repeat":"repeat","background-position":"center center","background-size":"auto","background-attachment":"scroll","background-type":"","background-media":"","overlay-type":"","overlay-color":"","overlay-opacity":"","overlay-gradient":""}},"ast-content-background-meta":{"desktop":{"background-color":"var(--ast-global-color-5)","background-image":"","background-repeat":"repeat","background-position":"center center","background-size":"auto","background-attachment":"scroll","background-type":"","background-media":"","overlay-type":"","overlay-color":"","overlay-opacity":"","overlay-gradient":""},"tablet":{"background-color":"var(--ast-global-color-5)","background-image":"","background-repeat":"repeat","background-position":"center center","background-size":"auto","background-attachment":"scroll","background-type":"","background-media":"","overlay-type":"","overlay-color":"","overlay-opacity":"","overlay-gradient":""},"mobile":{"background-color":"var(--ast-global-color-5)","background-image":"","background-repeat":"repeat","background-position":"center center","background-size":"auto","background-attachment":"scroll","background-type":"","background-media":"","overlay-type":"","overlay-color":"","overlay-opacity":"","overlay-gradient":""}},"footnotes":""},"class_list":["post-834","page","type-page","status-publish","has-post-thumbnail","hentry"],"featured_image_src":"https:\/\/izzydoll.org\/wp-content\/uploads\/2025\/02\/IZZY-DOLL-Initiative-Free-Patterns.png","yoast_head":"<!-- This site is optimized with the Yoast SEO plugin v27.4 - https:\/\/yoast.com\/product\/yoast-seo-wordpress\/ -->\n<title>Knitting Pattern (Shirley O&#039;Connell) - IZZY DOLL INITIATIVE<\/title>\n<meta name=\"description\" content=\"The Izzy Doll Initiative is thrilled to share our FREE Knitted Izzy Doll pattern by Shirley O&#039;Connell! Knit an Izzy Doll for a child in need in memory of Master Corporal Mark Isfeld. #IzzyDoll #KnittingPattern #FreePattern #ComfortforKids #IzzyDollInitiative #MarkIsfeld\" \/>\n<meta name=\"robots\" content=\"index, follow, max-snippet:-1, max-image-preview:large, max-video-preview:-1\" \/>\n<link rel=\"canonical\" href=\"https:\/\/izzydoll.org\/fr\/izzy-doll-patterns\/knitting-pattern-shirley-oconnell\/\" \/>\n<meta property=\"og:locale\" content=\"fr_FR\" \/>\n<meta property=\"og:type\" content=\"article\" \/>\n<meta property=\"og:title\" content=\"Make a Difference! The Izzy Doll Initiative Shares FREE Patterns!\" \/>\n<meta property=\"og:description\" content=\"The Izzy Doll Initiative is thrilled to share our FREE Knitted Izzy Doll pattern by Shirley O&#039;Connell! Knit an Izzy Doll for a child in need in memory of Master Corporal Mark Isfeld. #IzzyDoll #KnittingPattern #FreePattern #ComfortforKids #IzzyDollInitiative #MarkIsfeld\" \/>\n<meta property=\"og:url\" content=\"https:\/\/izzydoll.org\/fr\/izzy-doll-patterns\/knitting-pattern-shirley-oconnell\/\" \/>\n<meta property=\"og:site_name\" content=\"IZZY DOLL INITIATIVE\" \/>\n<meta property=\"article:publisher\" content=\"https:\/\/www.facebook.com\/izzydolls\/\" \/>\n<meta property=\"article:modified_time\" content=\"2025-10-04T15:32:52+00:00\" \/>\n<meta property=\"og:image\" content=\"https:\/\/izzydoll.org\/wp-content\/uploads\/2025\/02\/IZZY-DOLL-Initiative-Free-Patterns.png\" \/>\n\t<meta property=\"og:image:width\" content=\"960\" \/>\n\t<meta property=\"og:image:height\" content=\"540\" \/>\n\t<meta property=\"og:image:type\" content=\"image\/png\" \/>\n<meta name=\"twitter:card\" content=\"summary_large_image\" \/>\n<meta name=\"twitter:label1\" content=\"Dur\u00e9e de lecture estim\u00e9e\" \/>\n\t<meta name=\"twitter:data1\" content=\"1 minute\" \/>\n<script type=\"application\/ld+json\" class=\"yoast-schema-graph\">{\"@context\":\"https:\\\/\\\/schema.org\",\"@graph\":[{\"@type\":\"WebPage\",\"@id\":\"https:\\\/\\\/izzydoll.org\\\/izzy-doll-patterns\\\/knitting-pattern-shirley-oconnell\\\/\",\"url\":\"https:\\\/\\\/izzydoll.org\\\/izzy-doll-patterns\\\/knitting-pattern-shirley-oconnell\\\/\",\"name\":\"Knitting Pattern (Shirley O'Connell) - IZZY DOLL INITIATIVE\",\"isPartOf\":{\"@id\":\"https:\\\/\\\/izzydoll.org\\\/en\\\/#website\"},\"primaryImageOfPage\":{\"@id\":\"https:\\\/\\\/izzydoll.org\\\/izzy-doll-patterns\\\/knitting-pattern-shirley-oconnell\\\/#primaryimage\"},\"image\":{\"@id\":\"https:\\\/\\\/izzydoll.org\\\/izzy-doll-patterns\\\/knitting-pattern-shirley-oconnell\\\/#primaryimage\"},\"thumbnailUrl\":\"https:\\\/\\\/izzydoll.org\\\/wp-content\\\/uploads\\\/2025\\\/02\\\/IZZY-DOLL-Initiative-Free-Patterns.png\",\"datePublished\":\"2025-02-10T08:59:37+00:00\",\"dateModified\":\"2025-10-04T15:32:52+00:00\",\"description\":\"The Izzy Doll Initiative is thrilled to share our FREE Knitted Izzy Doll pattern by Shirley O'Connell! Knit an Izzy Doll for a child in need in memory of Master Corporal Mark Isfeld. #IzzyDoll #KnittingPattern #FreePattern #ComfortforKids #IzzyDollInitiative #MarkIsfeld\",\"breadcrumb\":{\"@id\":\"https:\\\/\\\/izzydoll.org\\\/izzy-doll-patterns\\\/knitting-pattern-shirley-oconnell\\\/#breadcrumb\"},\"inLanguage\":\"fr-FR\",\"potentialAction\":[{\"@type\":\"ReadAction\",\"target\":[\"https:\\\/\\\/izzydoll.org\\\/izzy-doll-patterns\\\/knitting-pattern-shirley-oconnell\\\/\"]}]},{\"@type\":\"ImageObject\",\"inLanguage\":\"fr-FR\",\"@id\":\"https:\\\/\\\/izzydoll.org\\\/izzy-doll-patterns\\\/knitting-pattern-shirley-oconnell\\\/#primaryimage\",\"url\":\"https:\\\/\\\/izzydoll.org\\\/wp-content\\\/uploads\\\/2025\\\/02\\\/IZZY-DOLL-Initiative-Free-Patterns.png\",\"contentUrl\":\"https:\\\/\\\/izzydoll.org\\\/wp-content\\\/uploads\\\/2025\\\/02\\\/IZZY-DOLL-Initiative-Free-Patterns.png\",\"width\":960,\"height\":540},{\"@type\":\"BreadcrumbList\",\"@id\":\"https:\\\/\\\/izzydoll.org\\\/izzy-doll-patterns\\\/knitting-pattern-shirley-oconnell\\\/#breadcrumb\",\"itemListElement\":[{\"@type\":\"ListItem\",\"position\":1,\"name\":\"Home\",\"item\":\"https:\\\/\\\/izzydoll.org\\\/\"},{\"@type\":\"ListItem\",\"position\":2,\"name\":\"PATTERNS\",\"item\":\"https:\\\/\\\/izzydoll.org\\\/izzy-doll-patterns\\\/\"},{\"@type\":\"ListItem\",\"position\":3,\"name\":\"Knitting Pattern (Shirley O&#8217;Connell)\"}]},{\"@type\":\"WebSite\",\"@id\":\"https:\\\/\\\/izzydoll.org\\\/en\\\/#website\",\"url\":\"https:\\\/\\\/izzydoll.org\\\/en\\\/\",\"name\":\"izzydoll.org\",\"description\":\"A legacy of small stitches making BIG differences.\",\"publisher\":{\"@id\":\"https:\\\/\\\/izzydoll.org\\\/en\\\/#organization\"},\"potentialAction\":[{\"@type\":\"SearchAction\",\"target\":{\"@type\":\"EntryPoint\",\"urlTemplate\":\"https:\\\/\\\/izzydoll.org\\\/en\\\/?s={search_term_string}\"},\"query-input\":{\"@type\":\"PropertyValueSpecification\",\"valueRequired\":true,\"valueName\":\"search_term_string\"}}],\"inLanguage\":\"fr-FR\"},{\"@type\":\"Organization\",\"@id\":\"https:\\\/\\\/izzydoll.org\\\/en\\\/#organization\",\"name\":\"Izzy Doll Initiative\",\"url\":\"https:\\\/\\\/izzydoll.org\\\/en\\\/\",\"logo\":{\"@type\":\"ImageObject\",\"inLanguage\":\"fr-FR\",\"@id\":\"https:\\\/\\\/izzydoll.org\\\/en\\\/#\\\/schema\\\/logo\\\/image\\\/\",\"url\":\"https:\\\/\\\/izzydoll.org\\\/wp-content\\\/uploads\\\/2024\\\/10\\\/cropped-IZZY-DOLL-Initiative-Logo-1.png\",\"contentUrl\":\"https:\\\/\\\/izzydoll.org\\\/wp-content\\\/uploads\\\/2024\\\/10\\\/cropped-IZZY-DOLL-Initiative-Logo-1.png\",\"width\":959,\"height\":497,\"caption\":\"Izzy Doll Initiative\"},\"image\":{\"@id\":\"https:\\\/\\\/izzydoll.org\\\/en\\\/#\\\/schema\\\/logo\\\/image\\\/\"},\"sameAs\":[\"https:\\\/\\\/www.facebook.com\\\/izzydolls\\\/\"]}]}<\/script>\n<!-- \/ Yoast SEO plugin. -->","yoast_head_json":{"title":"Knitting Pattern (Shirley O'Connell) - IZZY DOLL INITIATIVE","description":"The Izzy Doll Initiative is thrilled to share our FREE Knitted Izzy Doll pattern by Shirley O'Connell! Knit an Izzy Doll for a child in need in memory of Master Corporal Mark Isfeld. #IzzyDoll #KnittingPattern #FreePattern #ComfortforKids #IzzyDollInitiative #MarkIsfeld","robots":{"index":"index","follow":"follow","max-snippet":"max-snippet:-1","max-image-preview":"max-image-preview:large","max-video-preview":"max-video-preview:-1"},"canonical":"https:\/\/izzydoll.org\/fr\/izzy-doll-patterns\/knitting-pattern-shirley-oconnell\/","og_locale":"fr_FR","og_type":"article","og_title":"Make a Difference! The Izzy Doll Initiative Shares FREE Patterns!","og_description":"The Izzy Doll Initiative is thrilled to share our FREE Knitted Izzy Doll pattern by Shirley O'Connell! Knit an Izzy Doll for a child in need in memory of Master Corporal Mark Isfeld. #IzzyDoll #KnittingPattern #FreePattern #ComfortforKids #IzzyDollInitiative #MarkIsfeld","og_url":"https:\/\/izzydoll.org\/fr\/izzy-doll-patterns\/knitting-pattern-shirley-oconnell\/","og_site_name":"IZZY DOLL INITIATIVE","article_publisher":"https:\/\/www.facebook.com\/izzydolls\/","article_modified_time":"2025-10-04T15:32:52+00:00","og_image":[{"width":960,"height":540,"url":"https:\/\/izzydoll.org\/wp-content\/uploads\/2025\/02\/IZZY-DOLL-Initiative-Free-Patterns.png","type":"image\/png"}],"twitter_card":"summary_large_image","twitter_misc":{"Dur\u00e9e de lecture estim\u00e9e":"1 minute"},"schema":{"@context":"https:\/\/schema.org","@graph":[{"@type":"WebPage","@id":"https:\/\/izzydoll.org\/izzy-doll-patterns\/knitting-pattern-shirley-oconnell\/","url":"https:\/\/izzydoll.org\/izzy-doll-patterns\/knitting-pattern-shirley-oconnell\/","name":"Knitting Pattern (Shirley O'Connell) - IZZY DOLL INITIATIVE","isPartOf":{"@id":"https:\/\/izzydoll.org\/en\/#website"},"primaryImageOfPage":{"@id":"https:\/\/izzydoll.org\/izzy-doll-patterns\/knitting-pattern-shirley-oconnell\/#primaryimage"},"image":{"@id":"https:\/\/izzydoll.org\/izzy-doll-patterns\/knitting-pattern-shirley-oconnell\/#primaryimage"},"thumbnailUrl":"https:\/\/izzydoll.org\/wp-content\/uploads\/2025\/02\/IZZY-DOLL-Initiative-Free-Patterns.png","datePublished":"2025-02-10T08:59:37+00:00","dateModified":"2025-10-04T15:32:52+00:00","description":"The Izzy Doll Initiative is thrilled to share our FREE Knitted Izzy Doll pattern by Shirley O'Connell! Knit an Izzy Doll for a child in need in memory of Master Corporal Mark Isfeld. #IzzyDoll #KnittingPattern #FreePattern #ComfortforKids #IzzyDollInitiative #MarkIsfeld","breadcrumb":{"@id":"https:\/\/izzydoll.org\/izzy-doll-patterns\/knitting-pattern-shirley-oconnell\/#breadcrumb"},"inLanguage":"fr-FR","potentialAction":[{"@type":"ReadAction","target":["https:\/\/izzydoll.org\/izzy-doll-patterns\/knitting-pattern-shirley-oconnell\/"]}]},{"@type":"ImageObject","inLanguage":"fr-FR","@id":"https:\/\/izzydoll.org\/izzy-doll-patterns\/knitting-pattern-shirley-oconnell\/#primaryimage","url":"https:\/\/izzydoll.org\/wp-content\/uploads\/2025\/02\/IZZY-DOLL-Initiative-Free-Patterns.png","contentUrl":"https:\/\/izzydoll.org\/wp-content\/uploads\/2025\/02\/IZZY-DOLL-Initiative-Free-Patterns.png","width":960,"height":540},{"@type":"BreadcrumbList","@id":"https:\/\/izzydoll.org\/izzy-doll-patterns\/knitting-pattern-shirley-oconnell\/#breadcrumb","itemListElement":[{"@type":"ListItem","position":1,"name":"Home","item":"https:\/\/izzydoll.org\/"},{"@type":"ListItem","position":2,"name":"PATTERNS","item":"https:\/\/izzydoll.org\/izzy-doll-patterns\/"},{"@type":"ListItem","position":3,"name":"Knitting Pattern (Shirley O&#8217;Connell)"}]},{"@type":"WebSite","@id":"https:\/\/izzydoll.org\/en\/#website","url":"https:\/\/izzydoll.org\/en\/","name":"izzydoll.org","description":"Un h\u00e9ritage de petits points cr\u00e9ant de GRANDES diff\u00e9rences.","publisher":{"@id":"https:\/\/izzydoll.org\/en\/#organization"},"potentialAction":[{"@type":"SearchAction","target":{"@type":"EntryPoint","urlTemplate":"https:\/\/izzydoll.org\/en\/?s={search_term_string}"},"query-input":{"@type":"PropertyValueSpecification","valueRequired":true,"valueName":"search_term_string"}}],"inLanguage":"fr-FR"},{"@type":"Organization","@id":"https:\/\/izzydoll.org\/en\/#organization","name":"l'Initiative des poup\u00e9es Izzy","url":"https:\/\/izzydoll.org\/en\/","logo":{"@type":"ImageObject","inLanguage":"fr-FR","@id":"https:\/\/izzydoll.org\/en\/#\/schema\/logo\/image\/","url":"https:\/\/izzydoll.org\/wp-content\/uploads\/2024\/10\/cropped-IZZY-DOLL-Initiative-Logo-1.png","contentUrl":"https:\/\/izzydoll.org\/wp-content\/uploads\/2024\/10\/cropped-IZZY-DOLL-Initiative-Logo-1.png","width":959,"height":497,"caption":"Izzy Doll Initiative"},"image":{"@id":"https:\/\/izzydoll.org\/en\/#\/schema\/logo\/image\/"},"sameAs":["https:\/\/www.facebook.com\/izzydolls\/"]}]}},"jetpack_sharing_enabled":true,"_links":{"self":[{"href":"https:\/\/izzydoll.org\/fr\/wp-json\/wp\/v2\/pages\/834","targetHints":{"allow":["GET"]}}],"collection":[{"href":"https:\/\/izzydoll.org\/fr\/wp-json\/wp\/v2\/pages"}],"about":[{"href":"https:\/\/izzydoll.org\/fr\/wp-json\/wp\/v2\/types\/page"}],"author":[{"embeddable":true,"href":"https:\/\/izzydoll.org\/fr\/wp-json\/wp\/v2\/users\/2"}],"replies":[{"embeddable":true,"href":"https:\/\/izzydoll.org\/fr\/wp-json\/wp\/v2\/comments?post=834"}],"version-history":[{"count":6,"href":"https:\/\/izzydoll.org\/fr\/wp-json\/wp\/v2\/pages\/834\/revisions"}],"predecessor-version":[{"id":1235,"href":"https:\/\/izzydoll.org\/fr\/wp-json\/wp\/v2\/pages\/834\/revisions\/1235"}],"up":[{"embeddable":true,"href":"https:\/\/izzydoll.org\/fr\/wp-json\/wp\/v2\/pages\/74"}],"wp:featuredmedia":[{"embeddable":true,"href":"https:\/\/izzydoll.org\/fr\/wp-json\/wp\/v2\/media\/835"}],"wp:attachment":[{"href":"https:\/\/izzydoll.org\/fr\/wp-json\/wp\/v2\/media?parent=834"}],"curies":[{"name":"wp","href":"https:\/\/api.w.org\/{rel}","templated":true}]}}