{"id":828,"date":"2025-02-10T04:30:53","date_gmt":"2025-02-10T08:30:53","guid":{"rendered":"https:\/\/izzydoll.org\/?page_id=828"},"modified":"2025-10-04T10:07:39","modified_gmt":"2025-10-04T14:07:39","slug":"knitted-izzy-doll-patterns","status":"publish","type":"page","link":"https:\/\/izzydoll.org\/fr\/izzy-doll-patterns\/knitted-izzy-doll-patterns\/","title":{"rendered":"MOD\u00c8LES DE POUP\u00c9E IZZY - TRICOT"},"content":{"rendered":"<figure class=\"wp-block-image size-full\"><img loading=\"lazy\" decoding=\"async\" width=\"4723\" height=\"624\" src=\"https:\/\/izzydoll.org\/wp-content\/uploads\/2024\/10\/header-izzy-dolls-5.png\" alt=\"\" class=\"wp-image-200\" srcset=\"https:\/\/izzydoll.org\/wp-content\/uploads\/2024\/10\/header-izzy-dolls-5.png 4723w, https:\/\/izzydoll.org\/wp-content\/uploads\/2024\/10\/header-izzy-dolls-5-300x40.png 300w, https:\/\/izzydoll.org\/wp-content\/uploads\/2024\/10\/header-izzy-dolls-5-1024x135.png 1024w, https:\/\/izzydoll.org\/wp-content\/uploads\/2024\/10\/header-izzy-dolls-5-768x101.png 768w, https:\/\/izzydoll.org\/wp-content\/uploads\/2024\/10\/header-izzy-dolls-5-1536x203.png 1536w, https:\/\/izzydoll.org\/wp-content\/uploads\/2024\/10\/header-izzy-dolls-5-2048x271.png 2048w, https:\/\/izzydoll.org\/wp-content\/uploads\/2024\/10\/header-izzy-dolls-5-18x2.png 18w\" sizes=\"auto, (max-width: 4723px) 100vw, 4723px\" \/><\/figure>\n\n\n\n<h3 class=\"wp-block-heading\">Mod\u00e8les des poup\u00e9es Izzy - Tricot<\/h3>\n\n\n\n<p>Toutes les poup\u00e9es Izzy partagent un objectif commun : apporter du r\u00e9confort et de la joie aux enfants dans le besoin. Elles sont fabriqu\u00e9es \u00e0 la main par des b\u00e9n\u00e9voles avec amour et soin, souvent avec des couleurs vives \u00e0 partir de mod\u00e8les simples. Bien que chaque poup\u00e9e puisse avoir des caract\u00e9ristiques uniques, comme la longueur des cheveux ou les chapeaux, elles incarnent toutes l'esprit de compassion et d'espoir qui a inspir\u00e9 leur cr\u00e9ation.<\/p>\n\n\n\n<p>Faites la diff\u00e9rence dans la vie d'un enfant! Rejoignez l'initiative Izzy Doll pour r\u00e9pandre l'amour et l'espoir en temps de crise. En tricotant ou en crochetant une poup\u00e9e, vous pouvez apporter du r\u00e9confort aux enfants en difficult\u00e9. Votre cadeau fait main peut illuminer la journ\u00e9e d'un enfant dans les moments difficiles. Honorons l'h\u00e9ritage du caporal-chef Mark Isfeld et continuons \u00e0 r\u00e9pandre l'espoir, une poup\u00e9e Izzy \u00e0 la fois.\n\nLes versions des mod\u00e8les disponibles en fran\u00e7ais peuvent \u00eatre t\u00e9l\u00e9charg\u00e9s \u00e0 partir de la Page des ressources linguistiques.<\/p>\n\n\n\n<h4 class=\"wp-block-heading\">Mod\u00e8les des poup\u00e9es Izzy - Tricot<\/h4>\n\n\n\n<div class=\"wp-block-columns is-layout-flex wp-container-core-columns-is-layout-28f84493 wp-block-columns-is-layout-flex\">\n<div class=\"wp-block-column is-layout-flow wp-block-column-is-layout-flow\">\n<p><a href=\"https:\/\/izzydoll.org\/wp-content\/uploads\/2025\/04\/Izzy-Doll-Initiative-Knit-Pattern-EN-Shirley-OConnell.pdf\">T\u00e9l\u00e9charger le PDF<\/a> pour acc\u00e9der au mod\u00e8le au tricot (en anglais) de la poup\u00e9e Izzy de Shirley O\u2019Connell, la \u00ab Izzy Doll Mama \u00bb. Ce mod\u00e8le est aussi disponible en fran\u00e7ais et en n\u00e9erlandais. Rendez-vous sur notre&nbsp;<a href=\"https:\/\/izzydoll.org\/fr\/izzy-doll-initiative-language-resources\/\">Page des ressources linguistiques<\/a>&nbsp;Ce mod\u00e8le pr\u00e9sente les options suivantes :<\/p>\n\n\n\n<ul class=\"wp-block-list\">\n<li>Poup\u00e9e Izzy avec bras attach\u00e9s au corps<\/li>\n\n\n\n<li>Poup\u00e9e Izzy avec bras amovibles facultatifs<\/li>\n\n\n\n<li>Poup\u00e9e Izzy avec l'illusion de mains<\/li>\n\n\n\n<li>instructions pour les cheveux de la poup\u00e9e Izzy<\/li>\n<\/ul>\n\n\n<a href=\"https:\/\/izzydoll.org\/wp-content\/uploads\/2025\/04\/Izzy-Doll-Initiative-Knit-Pattern-EN-Shirley-OConnell.pdf\" class=\"pdfemb-viewer\" style=\"\" data-width=\"max\" data-height=\"max\" data-toolbar=\"bottom\" data-toolbar-fixed=\"off\">Izzy-Doll-Initiative-Knit-Pattern-EN-Shirley-OConnell<\/a><\/div>\n\n\n\n<div class=\"wp-block-column is-layout-flow wp-block-column-is-layout-flow\">\n<p><a href=\"https:\/\/izzydoll.org\/wp-content\/uploads\/2025\/07\/Izzy-Doll-Initiative-Knit-Peacekeeper-Pattern-EN-Shirley-OConnell.pdf\">T\u00e9l\u00e9charger le PDF<\/a> Pour acc\u00e9der \u00e0 la version \u00ab Casque Bleu \u00bb du mod\u00e8le de tricot de la poup\u00e9e Izzy par Shirley O\u2019Connell, la \u00ab Izzy Doll Mama \u00bb. Ce mod\u00e8le pr\u00e9sente les options suivantes :<\/p>\n\n\n\n<ul class=\"wp-block-list\">\n<li>poup\u00e9e Izzy Casque bleu avec les bras attach\u00e9s au corps<\/li>\n\n\n\n<li>poup\u00e9e Izzy Casque bleu avec les bras amovibles<\/li>\n\n\n\n<li>poup\u00e9e Izzy Casque bleu avec l'illusion de mains<\/li>\n\n\n\n<li>poup\u00e9e Izzy Casque Bleu (version femme) avec cheveux attach\u00e9s en chignon (facultatif)<\/li>\n\n\n\n<li>le mod\u00e8le du b\u00e9ret de la Poup\u00e9e Izzy<\/li>\n\n\n\n<li>le mod\u00e8le de casquette de combat camouflage Izzy Doll<\/li>\n<\/ul>\n\n\n<a href=\"https:\/\/izzydoll.org\/wp-content\/uploads\/2025\/07\/Izzy-Doll-Initiative-Knit-Peacekeeper-Pattern-EN-Shirley-OConnell.pdf\" class=\"pdfemb-viewer\" style=\"\" data-width=\"max\" data-height=\"max\" data-toolbar=\"bottom\" data-toolbar-fixed=\"off\">Izzy-Doll-Initiative-Knit-Peacekeeper-Pattern-EN-Shirley-OConnell<\/a><\/div>\n<\/div>\n\n\n\n<div class=\"wp-block-columns is-layout-flex wp-container-core-columns-is-layout-28f84493 wp-block-columns-is-layout-flex\">\n<div class=\"wp-block-column is-layout-flow wp-block-column-is-layout-flow\">\n<p><a href=\"https:\/\/izzydoll.org\/wp-content\/uploads\/2025\/04\/Izzy-Doll-Initiative-Knit-Pattern-EN-VAC.pdf\">T\u00e9l\u00e9charger le PDF<\/a> pour acc\u00e9der au mod\u00e8le de la poup\u00e9e Izzy en tricot (en anglais) provenant de l'\u00e9quipe chez <a href=\"https:\/\/www.veterans.gc.ca\/en\/remembrance\/information-for\/educators\/symbols-of-remembrance-bookmark\/izzy\">Anciens Combattants Canada (ACC)<\/a>. Ce mod\u00e8le est aussi disponible en fran\u00e7ais. Rendez-vous sur notre&nbsp;<a href=\"https:\/\/izzydoll.org\/fr\/izzy-doll-initiative-language-resources\/\">Page des ressources linguistiques<\/a>&nbsp;pour t\u00e9l\u00e9charger cette version.<\/p>\n\n\n<a href=\"https:\/\/izzydoll.org\/wp-content\/uploads\/2025\/04\/Izzy-Doll-Initiative-Knit-Pattern-EN-VAC.pdf\" class=\"pdfemb-viewer\" style=\"\" data-width=\"max\" data-height=\"max\" data-toolbar=\"bottom\" data-toolbar-fixed=\"off\">Izzy-Doll-Initiative-Knit-Pattern-EN-VAC<\/a><\/div>\n\n\n\n<div class=\"wp-block-column is-layout-flow wp-block-column-is-layout-flow\">\n<p><a href=\"https:\/\/izzydoll.org\/wp-content\/uploads\/2025\/04\/Izzy-Doll-Initiative-Knit-Pattern-EN-HPIC.pdf\">T\u00e9l\u00e9charger le PDF<\/a> pour acc\u00e9der au mod\u00e8le de la poup\u00e9e Izzy en tricot (en anglais) provenant de l'\u00e9quipe chez <a href=\"https:\/\/www.hpicanada.ca\/\">Partenaires Canadiens pour la sant\u00e9 internationale \/ Health Partners International Canada (HPIC)<\/a>.<\/p>\n\n\n<a href=\"https:\/\/izzydoll.org\/wp-content\/uploads\/2025\/04\/Izzy-Doll-Initiative-Knit-Pattern-EN-HPIC.pdf\" class=\"pdfemb-viewer\" style=\"\" data-width=\"max\" data-height=\"max\" data-toolbar=\"bottom\" data-toolbar-fixed=\"off\">Izzy-Doll-Initiative-Knit-Pattern-EN-HPIC<\/a><\/div>\n<\/div>","protected":false},"excerpt":{"rendered":"<p>Knitted Izzy Doll Patterns All Izzy Dolls share a common purpose: to bring comfort and joy to children in need. [&hellip;]<\/p>\n","protected":false},"author":2,"featured_media":133,"parent":74,"menu_order":0,"comment_status":"closed","ping_status":"closed","template":"","meta":{"site-sidebar-layout":"default","site-content-layout":"","ast-site-content-layout":"","site-content-style":"default","site-sidebar-style":"default","ast-global-header-display":"","ast-banner-title-visibility":"","ast-main-header-display":"","ast-hfb-above-header-display":"","ast-hfb-below-header-display":"","ast-hfb-mobile-header-display":"","site-post-title":"disabled","ast-breadcrumbs-content":"","ast-featured-img":"disabled","footer-sml-layout":"","ast-disable-related-posts":"","theme-transparent-header-meta":"","adv-header-id-meta":"","stick-header-meta":"","header-above-stick-meta":"","header-main-stick-meta":"","header-below-stick-meta":"","astra-migrate-meta-layouts":"default","ast-page-background-enabled":"default","ast-page-background-meta":{"desktop":{"background-color":"var(--ast-global-color-4)","background-image":"","background-repeat":"repeat","background-position":"center center","background-size":"auto","background-attachment":"scroll","background-type":"","background-media":"","overlay-type":"","overlay-color":"","overlay-opacity":"","overlay-gradient":""},"tablet":{"background-color":"","background-image":"","background-repeat":"repeat","background-position":"center center","background-size":"auto","background-attachment":"scroll","background-type":"","background-media":"","overlay-type":"","overlay-color":"","overlay-opacity":"","overlay-gradient":""},"mobile":{"background-color":"","background-image":"","background-repeat":"repeat","background-position":"center center","background-size":"auto","background-attachment":"scroll","background-type":"","background-media":"","overlay-type":"","overlay-color":"","overlay-opacity":"","overlay-gradient":""}},"ast-content-background-meta":{"desktop":{"background-color":"var(--ast-global-color-5)","background-image":"","background-repeat":"repeat","background-position":"center center","background-size":"auto","background-attachment":"scroll","background-type":"","background-media":"","overlay-type":"","overlay-color":"","overlay-opacity":"","overlay-gradient":""},"tablet":{"background-color":"var(--ast-global-color-5)","background-image":"","background-repeat":"repeat","background-position":"center center","background-size":"auto","background-attachment":"scroll","background-type":"","background-media":"","overlay-type":"","overlay-color":"","overlay-opacity":"","overlay-gradient":""},"mobile":{"background-color":"var(--ast-global-color-5)","background-image":"","background-repeat":"repeat","background-position":"center center","background-size":"auto","background-attachment":"scroll","background-type":"","background-media":"","overlay-type":"","overlay-color":"","overlay-opacity":"","overlay-gradient":""}},"footnotes":""},"class_list":["post-828","page","type-page","status-publish","has-post-thumbnail","hentry"],"featured_image_src":"https:\/\/izzydoll.org\/wp-content\/uploads\/2024\/10\/cropped-IZZY-DOLL-Initiative-Logo-1.png","yoast_head":"<!-- This site is optimized with the Yoast SEO plugin v27.4 - https:\/\/yoast.com\/product\/yoast-seo-wordpress\/ -->\n<title>KNITTED IZZY DOLL PATTERNS - IZZY DOLL INITIATIVE<\/title>\n<meta name=\"description\" content=\"Join the global Izzy Doll Initiative by knitting an Izzy Doll using one of our FREE patterns. Your handmade gift will bring comfort to children facing adversity. Let\u2019s honour the legacy of Master Corporal Mark Isfeld and continue to spread kindness \u2014 one Izzy Doll at a time.\" \/>\n<meta name=\"robots\" content=\"index, follow, max-snippet:-1, max-image-preview:large, max-video-preview:-1\" \/>\n<link rel=\"canonical\" href=\"https:\/\/izzydoll.org\/fr\/izzy-doll-patterns\/knitted-izzy-doll-patterns\/\" \/>\n<meta property=\"og:locale\" content=\"fr_FR\" \/>\n<meta property=\"og:type\" content=\"article\" \/>\n<meta property=\"og:title\" content=\"FREE Izzy Doll Knitting Patterns - Izzy Doll Initiative\" \/>\n<meta property=\"og:description\" content=\"Join the global Izzy Doll Initiative by knitting an Izzy Doll using one of our FREE patterns. Your handmade gift will bring comfort to children facing adversity. Let\u2019s honour the legacy of Master Corporal Mark Isfeld and continue to spread kindness \u2014 one Izzy Doll at a time.\" \/>\n<meta property=\"og:url\" content=\"https:\/\/izzydoll.org\/fr\/izzy-doll-patterns\/knitted-izzy-doll-patterns\/\" \/>\n<meta property=\"og:site_name\" content=\"IZZY DOLL INITIATIVE\" \/>\n<meta property=\"article:publisher\" content=\"https:\/\/www.facebook.com\/izzydolls\/\" \/>\n<meta property=\"article:modified_time\" content=\"2025-10-04T14:07:39+00:00\" \/>\n<meta property=\"og:image\" content=\"https:\/\/izzydoll.org\/wp-content\/uploads\/2024\/11\/Capture-decran-le-2024-11-10-a-18.39.39-768x769.png\" \/>\n\t<meta property=\"og:image:width\" content=\"768\" \/>\n\t<meta property=\"og:image:height\" content=\"769\" \/>\n\t<meta property=\"og:image:type\" content=\"image\/png\" \/>\n<meta name=\"twitter:card\" content=\"summary_large_image\" \/>\n<meta name=\"twitter:label1\" content=\"Dur\u00e9e de lecture estim\u00e9e\" \/>\n\t<meta name=\"twitter:data1\" content=\"2 minutes\" \/>\n<script type=\"application\/ld+json\" class=\"yoast-schema-graph\">{\"@context\":\"https:\\\/\\\/schema.org\",\"@graph\":[{\"@type\":\"WebPage\",\"@id\":\"https:\\\/\\\/izzydoll.org\\\/izzy-doll-patterns\\\/knitted-izzy-doll-patterns\\\/\",\"url\":\"https:\\\/\\\/izzydoll.org\\\/izzy-doll-patterns\\\/knitted-izzy-doll-patterns\\\/\",\"name\":\"KNITTED IZZY DOLL PATTERNS - IZZY DOLL INITIATIVE\",\"isPartOf\":{\"@id\":\"https:\\\/\\\/izzydoll.org\\\/en\\\/#website\"},\"primaryImageOfPage\":{\"@id\":\"https:\\\/\\\/izzydoll.org\\\/izzy-doll-patterns\\\/knitted-izzy-doll-patterns\\\/#primaryimage\"},\"image\":{\"@id\":\"https:\\\/\\\/izzydoll.org\\\/izzy-doll-patterns\\\/knitted-izzy-doll-patterns\\\/#primaryimage\"},\"thumbnailUrl\":\"https:\\\/\\\/izzydoll.org\\\/wp-content\\\/uploads\\\/2024\\\/10\\\/cropped-IZZY-DOLL-Initiative-Logo-1.png\",\"datePublished\":\"2025-02-10T08:30:53+00:00\",\"dateModified\":\"2025-10-04T14:07:39+00:00\",\"description\":\"Join the global Izzy Doll Initiative by knitting an Izzy Doll using one of our FREE patterns. Your handmade gift will bring comfort to children facing adversity. Let\u2019s honour the legacy of Master Corporal Mark Isfeld and continue to spread kindness \u2014 one Izzy Doll at a time.\",\"breadcrumb\":{\"@id\":\"https:\\\/\\\/izzydoll.org\\\/izzy-doll-patterns\\\/knitted-izzy-doll-patterns\\\/#breadcrumb\"},\"inLanguage\":\"fr-FR\",\"potentialAction\":[{\"@type\":\"ReadAction\",\"target\":[\"https:\\\/\\\/izzydoll.org\\\/izzy-doll-patterns\\\/knitted-izzy-doll-patterns\\\/\"]}]},{\"@type\":\"ImageObject\",\"inLanguage\":\"fr-FR\",\"@id\":\"https:\\\/\\\/izzydoll.org\\\/izzy-doll-patterns\\\/knitted-izzy-doll-patterns\\\/#primaryimage\",\"url\":\"https:\\\/\\\/izzydoll.org\\\/wp-content\\\/uploads\\\/2024\\\/10\\\/cropped-IZZY-DOLL-Initiative-Logo-1.png\",\"contentUrl\":\"https:\\\/\\\/izzydoll.org\\\/wp-content\\\/uploads\\\/2024\\\/10\\\/cropped-IZZY-DOLL-Initiative-Logo-1.png\",\"width\":959,\"height\":497},{\"@type\":\"BreadcrumbList\",\"@id\":\"https:\\\/\\\/izzydoll.org\\\/izzy-doll-patterns\\\/knitted-izzy-doll-patterns\\\/#breadcrumb\",\"itemListElement\":[{\"@type\":\"ListItem\",\"position\":1,\"name\":\"Home\",\"item\":\"https:\\\/\\\/izzydoll.org\\\/\"},{\"@type\":\"ListItem\",\"position\":2,\"name\":\"PATTERNS\",\"item\":\"https:\\\/\\\/izzydoll.org\\\/izzy-doll-patterns\\\/\"},{\"@type\":\"ListItem\",\"position\":3,\"name\":\"KNITTED IZZY DOLL PATTERNS\"}]},{\"@type\":\"WebSite\",\"@id\":\"https:\\\/\\\/izzydoll.org\\\/en\\\/#website\",\"url\":\"https:\\\/\\\/izzydoll.org\\\/en\\\/\",\"name\":\"izzydoll.org\",\"description\":\"A legacy of small stitches making BIG differences.\",\"publisher\":{\"@id\":\"https:\\\/\\\/izzydoll.org\\\/en\\\/#organization\"},\"potentialAction\":[{\"@type\":\"SearchAction\",\"target\":{\"@type\":\"EntryPoint\",\"urlTemplate\":\"https:\\\/\\\/izzydoll.org\\\/en\\\/?s={search_term_string}\"},\"query-input\":{\"@type\":\"PropertyValueSpecification\",\"valueRequired\":true,\"valueName\":\"search_term_string\"}}],\"inLanguage\":\"fr-FR\"},{\"@type\":\"Organization\",\"@id\":\"https:\\\/\\\/izzydoll.org\\\/en\\\/#organization\",\"name\":\"Izzy Doll Initiative\",\"url\":\"https:\\\/\\\/izzydoll.org\\\/en\\\/\",\"logo\":{\"@type\":\"ImageObject\",\"inLanguage\":\"fr-FR\",\"@id\":\"https:\\\/\\\/izzydoll.org\\\/en\\\/#\\\/schema\\\/logo\\\/image\\\/\",\"url\":\"https:\\\/\\\/izzydoll.org\\\/wp-content\\\/uploads\\\/2024\\\/10\\\/cropped-IZZY-DOLL-Initiative-Logo-1.png\",\"contentUrl\":\"https:\\\/\\\/izzydoll.org\\\/wp-content\\\/uploads\\\/2024\\\/10\\\/cropped-IZZY-DOLL-Initiative-Logo-1.png\",\"width\":959,\"height\":497,\"caption\":\"Izzy Doll Initiative\"},\"image\":{\"@id\":\"https:\\\/\\\/izzydoll.org\\\/en\\\/#\\\/schema\\\/logo\\\/image\\\/\"},\"sameAs\":[\"https:\\\/\\\/www.facebook.com\\\/izzydolls\\\/\"]}]}<\/script>\n<!-- \/ Yoast SEO plugin. -->","yoast_head_json":{"title":"KNITTED IZZY DOLL PATTERNS - IZZY DOLL INITIATIVE","description":"Join the global Izzy Doll Initiative by knitting an Izzy Doll using one of our FREE patterns. Your handmade gift will bring comfort to children facing adversity. Let\u2019s honour the legacy of Master Corporal Mark Isfeld and continue to spread kindness \u2014 one Izzy Doll at a time.","robots":{"index":"index","follow":"follow","max-snippet":"max-snippet:-1","max-image-preview":"max-image-preview:large","max-video-preview":"max-video-preview:-1"},"canonical":"https:\/\/izzydoll.org\/fr\/izzy-doll-patterns\/knitted-izzy-doll-patterns\/","og_locale":"fr_FR","og_type":"article","og_title":"FREE Izzy Doll Knitting Patterns - Izzy Doll Initiative","og_description":"Join the global Izzy Doll Initiative by knitting an Izzy Doll using one of our FREE patterns. Your handmade gift will bring comfort to children facing adversity. Let\u2019s honour the legacy of Master Corporal Mark Isfeld and continue to spread kindness \u2014 one Izzy Doll at a time.","og_url":"https:\/\/izzydoll.org\/fr\/izzy-doll-patterns\/knitted-izzy-doll-patterns\/","og_site_name":"IZZY DOLL INITIATIVE","article_publisher":"https:\/\/www.facebook.com\/izzydolls\/","article_modified_time":"2025-10-04T14:07:39+00:00","og_image":[{"width":768,"height":769,"url":"https:\/\/izzydoll.org\/wp-content\/uploads\/2024\/11\/Capture-decran-le-2024-11-10-a-18.39.39-768x769.png","type":"image\/png"}],"twitter_card":"summary_large_image","twitter_misc":{"Dur\u00e9e de lecture estim\u00e9e":"2 minutes"},"schema":{"@context":"https:\/\/schema.org","@graph":[{"@type":"WebPage","@id":"https:\/\/izzydoll.org\/izzy-doll-patterns\/knitted-izzy-doll-patterns\/","url":"https:\/\/izzydoll.org\/izzy-doll-patterns\/knitted-izzy-doll-patterns\/","name":"KNITTED IZZY DOLL PATTERNS - IZZY DOLL INITIATIVE","isPartOf":{"@id":"https:\/\/izzydoll.org\/en\/#website"},"primaryImageOfPage":{"@id":"https:\/\/izzydoll.org\/izzy-doll-patterns\/knitted-izzy-doll-patterns\/#primaryimage"},"image":{"@id":"https:\/\/izzydoll.org\/izzy-doll-patterns\/knitted-izzy-doll-patterns\/#primaryimage"},"thumbnailUrl":"https:\/\/izzydoll.org\/wp-content\/uploads\/2024\/10\/cropped-IZZY-DOLL-Initiative-Logo-1.png","datePublished":"2025-02-10T08:30:53+00:00","dateModified":"2025-10-04T14:07:39+00:00","description":"Join the global Izzy Doll Initiative by knitting an Izzy Doll using one of our FREE patterns. Your handmade gift will bring comfort to children facing adversity. Let\u2019s honour the legacy of Master Corporal Mark Isfeld and continue to spread kindness \u2014 one Izzy Doll at a time.","breadcrumb":{"@id":"https:\/\/izzydoll.org\/izzy-doll-patterns\/knitted-izzy-doll-patterns\/#breadcrumb"},"inLanguage":"fr-FR","potentialAction":[{"@type":"ReadAction","target":["https:\/\/izzydoll.org\/izzy-doll-patterns\/knitted-izzy-doll-patterns\/"]}]},{"@type":"ImageObject","inLanguage":"fr-FR","@id":"https:\/\/izzydoll.org\/izzy-doll-patterns\/knitted-izzy-doll-patterns\/#primaryimage","url":"https:\/\/izzydoll.org\/wp-content\/uploads\/2024\/10\/cropped-IZZY-DOLL-Initiative-Logo-1.png","contentUrl":"https:\/\/izzydoll.org\/wp-content\/uploads\/2024\/10\/cropped-IZZY-DOLL-Initiative-Logo-1.png","width":959,"height":497},{"@type":"BreadcrumbList","@id":"https:\/\/izzydoll.org\/izzy-doll-patterns\/knitted-izzy-doll-patterns\/#breadcrumb","itemListElement":[{"@type":"ListItem","position":1,"name":"Home","item":"https:\/\/izzydoll.org\/"},{"@type":"ListItem","position":2,"name":"PATTERNS","item":"https:\/\/izzydoll.org\/izzy-doll-patterns\/"},{"@type":"ListItem","position":3,"name":"KNITTED IZZY DOLL PATTERNS"}]},{"@type":"WebSite","@id":"https:\/\/izzydoll.org\/en\/#website","url":"https:\/\/izzydoll.org\/en\/","name":"izzydoll.org","description":"Un h\u00e9ritage de petits points cr\u00e9ant de GRANDES diff\u00e9rences.","publisher":{"@id":"https:\/\/izzydoll.org\/en\/#organization"},"potentialAction":[{"@type":"SearchAction","target":{"@type":"EntryPoint","urlTemplate":"https:\/\/izzydoll.org\/en\/?s={search_term_string}"},"query-input":{"@type":"PropertyValueSpecification","valueRequired":true,"valueName":"search_term_string"}}],"inLanguage":"fr-FR"},{"@type":"Organization","@id":"https:\/\/izzydoll.org\/en\/#organization","name":"l'Initiative des poup\u00e9es Izzy","url":"https:\/\/izzydoll.org\/en\/","logo":{"@type":"ImageObject","inLanguage":"fr-FR","@id":"https:\/\/izzydoll.org\/en\/#\/schema\/logo\/image\/","url":"https:\/\/izzydoll.org\/wp-content\/uploads\/2024\/10\/cropped-IZZY-DOLL-Initiative-Logo-1.png","contentUrl":"https:\/\/izzydoll.org\/wp-content\/uploads\/2024\/10\/cropped-IZZY-DOLL-Initiative-Logo-1.png","width":959,"height":497,"caption":"Izzy Doll Initiative"},"image":{"@id":"https:\/\/izzydoll.org\/en\/#\/schema\/logo\/image\/"},"sameAs":["https:\/\/www.facebook.com\/izzydolls\/"]}]}},"jetpack_sharing_enabled":true,"_links":{"self":[{"href":"https:\/\/izzydoll.org\/fr\/wp-json\/wp\/v2\/pages\/828","targetHints":{"allow":["GET"]}}],"collection":[{"href":"https:\/\/izzydoll.org\/fr\/wp-json\/wp\/v2\/pages"}],"about":[{"href":"https:\/\/izzydoll.org\/fr\/wp-json\/wp\/v2\/types\/page"}],"author":[{"embeddable":true,"href":"https:\/\/izzydoll.org\/fr\/wp-json\/wp\/v2\/users\/2"}],"replies":[{"embeddable":true,"href":"https:\/\/izzydoll.org\/fr\/wp-json\/wp\/v2\/comments?post=828"}],"version-history":[{"count":11,"href":"https:\/\/izzydoll.org\/fr\/wp-json\/wp\/v2\/pages\/828\/revisions"}],"predecessor-version":[{"id":1242,"href":"https:\/\/izzydoll.org\/fr\/wp-json\/wp\/v2\/pages\/828\/revisions\/1242"}],"up":[{"embeddable":true,"href":"https:\/\/izzydoll.org\/fr\/wp-json\/wp\/v2\/pages\/74"}],"wp:featuredmedia":[{"embeddable":true,"href":"https:\/\/izzydoll.org\/fr\/wp-json\/wp\/v2\/media\/133"}],"wp:attachment":[{"href":"https:\/\/izzydoll.org\/fr\/wp-json\/wp\/v2\/media?parent=828"}],"curies":[{"name":"wp","href":"https:\/\/api.w.org\/{rel}","templated":true}]}}