{"id":257,"date":"2024-10-27T11:28:46","date_gmt":"2024-10-27T15:28:46","guid":{"rendered":"https:\/\/izzydoll.org\/?page_id=257"},"modified":"2025-10-04T09:46:52","modified_gmt":"2025-10-04T13:46:52","slug":"worldwide-distribution","status":"publish","type":"page","link":"https:\/\/izzydoll.org\/fr\/impact\/worldwide-distribution\/","title":{"rendered":"Distribution mondiale"},"content":{"rendered":"<figure class=\"wp-block-image size-full\"><img loading=\"lazy\" decoding=\"async\" width=\"4723\" height=\"624\" src=\"https:\/\/izzydoll.org\/wp-content\/uploads\/2024\/10\/header-izzy-dolls-5.png\" alt=\"\" class=\"wp-image-200\" srcset=\"https:\/\/izzydoll.org\/wp-content\/uploads\/2024\/10\/header-izzy-dolls-5.png 4723w, https:\/\/izzydoll.org\/wp-content\/uploads\/2024\/10\/header-izzy-dolls-5-300x40.png 300w, https:\/\/izzydoll.org\/wp-content\/uploads\/2024\/10\/header-izzy-dolls-5-1024x135.png 1024w, https:\/\/izzydoll.org\/wp-content\/uploads\/2024\/10\/header-izzy-dolls-5-768x101.png 768w, https:\/\/izzydoll.org\/wp-content\/uploads\/2024\/10\/header-izzy-dolls-5-1536x203.png 1536w, https:\/\/izzydoll.org\/wp-content\/uploads\/2024\/10\/header-izzy-dolls-5-2048x271.png 2048w, https:\/\/izzydoll.org\/wp-content\/uploads\/2024\/10\/header-izzy-dolls-5-18x2.png 18w\" sizes=\"auto, (max-width: 4723px) 100vw, 4723px\" \/><\/figure>\n\n\n\n<h3 class=\"wp-block-heading\">Distribution mondiale des poup\u00e9es Izzy<\/h3>\n\n\n\n<p>Saviez-vous que les Poup\u00e9es Izzy, inspir\u00e9es par l'acte de bont\u00e9 du soldat de la paix canadien, le Caporal-chef Mark Isfeld, ont voyag\u00e9 aux quatre coins du monde pour apporter du r\u00e9confort aux enfants dans le besoin ? Gr\u00e2ce au d\u00e9vouement de notre r\u00e9seau mondial de b\u00e9n\u00e9voles, l'Initiative des Poup\u00e9es Izzy a :<\/p>\n\n\n\n<ul class=\"wp-block-list\">\n<li>Port\u00e9e Mondiale : Depuis 2006, les Poup\u00e9es Izzy ont apport\u00e9 de l'espoir aux enfants dans plus de 130 pays \u00e0 travers le monde.<\/li>\n\n\n\n<li>Actes de bont\u00e9 : Plus de 2 millions de Poup\u00e9es Izzy ont \u00e9t\u00e9 tricot\u00e9es et crochet\u00e9es par des b\u00e9n\u00e9voles au Canada et partout dans le monde.<\/li>\n\n\n\n<li>Livraisons dans les zones de conflit : Les Poup\u00e9es Izzy ont \u00e9t\u00e9 distribu\u00e9es \u00e0 des enfants dans des zones de conflit et celles touch\u00e9es par des catastrophes, notamment en Ukraine, en Afghanistan et en Ha\u00efti.<\/li>\n\n\n\n<li>Distribution : Les Poup\u00e9es Izzy sont distribu\u00e9es par les membres des Forces Canadienne et des organismes de bienfaisance qui les incluent dans les trousses m\u00e9dicales humanitaires livr\u00e9es dans les r\u00e9gions \u00e9loign\u00e9es.<\/li>\n\n\n\n<li>Livraisons locales : Les Poup\u00e9es Izzy sont \u00e9galement remises \u00e0 des enfants ayant besoin de r\u00e9confort dans les h\u00f4pitaux locaux, par les services de police et les casernes de pompiers, dans les refuges pour femmes, les centres communautaires, les \u00e9coles et les biblioth\u00e8ques.<\/li>\n<\/ul>\n\n\n\n<iframe src=\"https:\/\/www.google.com\/maps\/d\/embed?mid=1xw4Z3HaZtLKr3kL14Yby_g41KU5aTH0&#038;ehbc=2E312F\" width= \"99%\" height=\"640\"><\/iframe>\n\n\n\n<p>Rejoignez l'initiative Izzy Doll en contribuant vos propres poup\u00e9es Izzy d\u00e8s aujourd'hui ! D\u00e9couvrez comment sur notre page de <a href=\"https:\/\/izzydoll.org\/fr\/izzy-doll-patterns\/\">Mod\u00e8les<\/a> .<\/p>","protected":false},"excerpt":{"rendered":"<p>Worldwide Distribution of Izzy Dolls Did you know that handmade Izzy Dolls, inspired by Canadian peacekeeper Master Corporal Mark Isfeld\u2019s [&hellip;]<\/p>\n","protected":false},"author":2,"featured_media":436,"parent":52,"menu_order":0,"comment_status":"closed","ping_status":"closed","template":"","meta":{"site-sidebar-layout":"default","site-content-layout":"","ast-site-content-layout":"default","site-content-style":"default","site-sidebar-style":"default","ast-global-header-display":"","ast-banner-title-visibility":"","ast-main-header-display":"","ast-hfb-above-header-display":"","ast-hfb-below-header-display":"","ast-hfb-mobile-header-display":"","site-post-title":"disabled","ast-breadcrumbs-content":"","ast-featured-img":"disabled","footer-sml-layout":"","ast-disable-related-posts":"","theme-transparent-header-meta":"","adv-header-id-meta":"","stick-header-meta":"","header-above-stick-meta":"","header-main-stick-meta":"","header-below-stick-meta":"","astra-migrate-meta-layouts":"default","ast-page-background-enabled":"default","ast-page-background-meta":{"desktop":{"background-color":"var(--ast-global-color-4)","background-image":"","background-repeat":"repeat","background-position":"center center","background-size":"auto","background-attachment":"scroll","background-type":"","background-media":"","overlay-type":"","overlay-color":"","overlay-opacity":"","overlay-gradient":""},"tablet":{"background-color":"","background-image":"","background-repeat":"repeat","background-position":"center center","background-size":"auto","background-attachment":"scroll","background-type":"","background-media":"","overlay-type":"","overlay-color":"","overlay-opacity":"","overlay-gradient":""},"mobile":{"background-color":"","background-image":"","background-repeat":"repeat","background-position":"center center","background-size":"auto","background-attachment":"scroll","background-type":"","background-media":"","overlay-type":"","overlay-color":"","overlay-opacity":"","overlay-gradient":""}},"ast-content-background-meta":{"desktop":{"background-color":"var(--ast-global-color-5)","background-image":"","background-repeat":"repeat","background-position":"center center","background-size":"auto","background-attachment":"scroll","background-type":"","background-media":"","overlay-type":"","overlay-color":"","overlay-opacity":"","overlay-gradient":""},"tablet":{"background-color":"var(--ast-global-color-5)","background-image":"","background-repeat":"repeat","background-position":"center center","background-size":"auto","background-attachment":"scroll","background-type":"","background-media":"","overlay-type":"","overlay-color":"","overlay-opacity":"","overlay-gradient":""},"mobile":{"background-color":"var(--ast-global-color-5)","background-image":"","background-repeat":"repeat","background-position":"center center","background-size":"auto","background-attachment":"scroll","background-type":"","background-media":"","overlay-type":"","overlay-color":"","overlay-opacity":"","overlay-gradient":""}},"footnotes":""},"class_list":["post-257","page","type-page","status-publish","has-post-thumbnail","hentry"],"featured_image_src":"https:\/\/izzydoll.org\/wp-content\/uploads\/2024\/10\/Distribution-Map-edited-e1732369469841.png","yoast_head":"<!-- This site is optimized with the Yoast SEO plugin v27.4 - https:\/\/yoast.com\/product\/yoast-seo-wordpress\/ -->\n<title>Worldwide Distribution - IZZY DOLL INITIATIVE<\/title>\n<meta name=\"description\" content=\"Did you know that Izzy Dolls have comforted children in need in over 130 countries? Click here to see our worldwide distribution map.\" \/>\n<meta name=\"robots\" content=\"index, follow, max-snippet:-1, max-image-preview:large, max-video-preview:-1\" \/>\n<link rel=\"canonical\" href=\"https:\/\/izzydoll.org\/fr\/impact\/worldwide-distribution\/\" \/>\n<meta property=\"og:locale\" content=\"fr_FR\" \/>\n<meta property=\"og:type\" content=\"article\" \/>\n<meta property=\"og:title\" content=\"Worldwide Distribution of Izzy Dolls\" \/>\n<meta property=\"og:description\" content=\"Did you know that Izzy Dolls have comforted children in need in over 130 countries? Click here to see our worldwide distribution map.\" \/>\n<meta property=\"og:url\" content=\"https:\/\/izzydoll.org\/fr\/impact\/worldwide-distribution\/\" \/>\n<meta property=\"og:site_name\" content=\"IZZY DOLL INITIATIVE\" \/>\n<meta property=\"article:publisher\" content=\"https:\/\/www.facebook.com\/izzydolls\/\" \/>\n<meta property=\"article:modified_time\" content=\"2025-10-04T13:46:52+00:00\" \/>\n<meta property=\"og:image\" content=\"https:\/\/izzydoll.org\/wp-content\/uploads\/2024\/10\/Distribution-Map-edited-e1732369469841.png\" \/>\n\t<meta property=\"og:image:width\" content=\"680\" \/>\n\t<meta property=\"og:image:height\" content=\"462\" \/>\n\t<meta property=\"og:image:type\" content=\"image\/png\" \/>\n<meta name=\"twitter:card\" content=\"summary_large_image\" \/>\n<meta name=\"twitter:label1\" content=\"Dur\u00e9e de lecture estim\u00e9e\" \/>\n\t<meta name=\"twitter:data1\" content=\"2 minutes\" \/>\n<script type=\"application\/ld+json\" class=\"yoast-schema-graph\">{\"@context\":\"https:\\\/\\\/schema.org\",\"@graph\":[{\"@type\":\"WebPage\",\"@id\":\"https:\\\/\\\/izzydoll.org\\\/impact\\\/worldwide-distribution\\\/\",\"url\":\"https:\\\/\\\/izzydoll.org\\\/impact\\\/worldwide-distribution\\\/\",\"name\":\"Worldwide Distribution - IZZY DOLL INITIATIVE\",\"isPartOf\":{\"@id\":\"https:\\\/\\\/izzydoll.org\\\/en\\\/#website\"},\"primaryImageOfPage\":{\"@id\":\"https:\\\/\\\/izzydoll.org\\\/impact\\\/worldwide-distribution\\\/#primaryimage\"},\"image\":{\"@id\":\"https:\\\/\\\/izzydoll.org\\\/impact\\\/worldwide-distribution\\\/#primaryimage\"},\"thumbnailUrl\":\"https:\\\/\\\/izzydoll.org\\\/wp-content\\\/uploads\\\/2024\\\/10\\\/Distribution-Map-edited-e1732369469841.png\",\"datePublished\":\"2024-10-27T15:28:46+00:00\",\"dateModified\":\"2025-10-04T13:46:52+00:00\",\"description\":\"Did you know that Izzy Dolls have comforted children in need in over 130 countries? Click here to see our worldwide distribution map.\",\"breadcrumb\":{\"@id\":\"https:\\\/\\\/izzydoll.org\\\/impact\\\/worldwide-distribution\\\/#breadcrumb\"},\"inLanguage\":\"fr-FR\",\"potentialAction\":[{\"@type\":\"ReadAction\",\"target\":[\"https:\\\/\\\/izzydoll.org\\\/impact\\\/worldwide-distribution\\\/\"]}]},{\"@type\":\"ImageObject\",\"inLanguage\":\"fr-FR\",\"@id\":\"https:\\\/\\\/izzydoll.org\\\/impact\\\/worldwide-distribution\\\/#primaryimage\",\"url\":\"https:\\\/\\\/izzydoll.org\\\/wp-content\\\/uploads\\\/2024\\\/10\\\/Distribution-Map-edited-e1732369469841.png\",\"contentUrl\":\"https:\\\/\\\/izzydoll.org\\\/wp-content\\\/uploads\\\/2024\\\/10\\\/Distribution-Map-edited-e1732369469841.png\",\"width\":680,\"height\":462},{\"@type\":\"BreadcrumbList\",\"@id\":\"https:\\\/\\\/izzydoll.org\\\/impact\\\/worldwide-distribution\\\/#breadcrumb\",\"itemListElement\":[{\"@type\":\"ListItem\",\"position\":1,\"name\":\"Home\",\"item\":\"https:\\\/\\\/izzydoll.org\\\/\"},{\"@type\":\"ListItem\",\"position\":2,\"name\":\"IMPACT BLOG\",\"item\":\"https:\\\/\\\/izzydoll.org\\\/impact\\\/\"},{\"@type\":\"ListItem\",\"position\":3,\"name\":\"Worldwide Distribution\"}]},{\"@type\":\"WebSite\",\"@id\":\"https:\\\/\\\/izzydoll.org\\\/en\\\/#website\",\"url\":\"https:\\\/\\\/izzydoll.org\\\/en\\\/\",\"name\":\"izzydoll.org\",\"description\":\"A legacy of small stitches making BIG differences.\",\"publisher\":{\"@id\":\"https:\\\/\\\/izzydoll.org\\\/en\\\/#organization\"},\"potentialAction\":[{\"@type\":\"SearchAction\",\"target\":{\"@type\":\"EntryPoint\",\"urlTemplate\":\"https:\\\/\\\/izzydoll.org\\\/en\\\/?s={search_term_string}\"},\"query-input\":{\"@type\":\"PropertyValueSpecification\",\"valueRequired\":true,\"valueName\":\"search_term_string\"}}],\"inLanguage\":\"fr-FR\"},{\"@type\":\"Organization\",\"@id\":\"https:\\\/\\\/izzydoll.org\\\/en\\\/#organization\",\"name\":\"Izzy Doll Initiative\",\"url\":\"https:\\\/\\\/izzydoll.org\\\/en\\\/\",\"logo\":{\"@type\":\"ImageObject\",\"inLanguage\":\"fr-FR\",\"@id\":\"https:\\\/\\\/izzydoll.org\\\/en\\\/#\\\/schema\\\/logo\\\/image\\\/\",\"url\":\"https:\\\/\\\/izzydoll.org\\\/wp-content\\\/uploads\\\/2024\\\/10\\\/cropped-IZZY-DOLL-Initiative-Logo-1.png\",\"contentUrl\":\"https:\\\/\\\/izzydoll.org\\\/wp-content\\\/uploads\\\/2024\\\/10\\\/cropped-IZZY-DOLL-Initiative-Logo-1.png\",\"width\":959,\"height\":497,\"caption\":\"Izzy Doll Initiative\"},\"image\":{\"@id\":\"https:\\\/\\\/izzydoll.org\\\/en\\\/#\\\/schema\\\/logo\\\/image\\\/\"},\"sameAs\":[\"https:\\\/\\\/www.facebook.com\\\/izzydolls\\\/\"]}]}<\/script>\n<!-- \/ Yoast SEO plugin. -->","yoast_head_json":{"title":"Worldwide Distribution - IZZY DOLL INITIATIVE","description":"Did you know that Izzy Dolls have comforted children in need in over 130 countries? Click here to see our worldwide distribution map.","robots":{"index":"index","follow":"follow","max-snippet":"max-snippet:-1","max-image-preview":"max-image-preview:large","max-video-preview":"max-video-preview:-1"},"canonical":"https:\/\/izzydoll.org\/fr\/impact\/worldwide-distribution\/","og_locale":"fr_FR","og_type":"article","og_title":"Worldwide Distribution of Izzy Dolls","og_description":"Did you know that Izzy Dolls have comforted children in need in over 130 countries? Click here to see our worldwide distribution map.","og_url":"https:\/\/izzydoll.org\/fr\/impact\/worldwide-distribution\/","og_site_name":"IZZY DOLL INITIATIVE","article_publisher":"https:\/\/www.facebook.com\/izzydolls\/","article_modified_time":"2025-10-04T13:46:52+00:00","og_image":[{"width":680,"height":462,"url":"https:\/\/izzydoll.org\/wp-content\/uploads\/2024\/10\/Distribution-Map-edited-e1732369469841.png","type":"image\/png"}],"twitter_card":"summary_large_image","twitter_misc":{"Dur\u00e9e de lecture estim\u00e9e":"2 minutes"},"schema":{"@context":"https:\/\/schema.org","@graph":[{"@type":"WebPage","@id":"https:\/\/izzydoll.org\/impact\/worldwide-distribution\/","url":"https:\/\/izzydoll.org\/impact\/worldwide-distribution\/","name":"Worldwide Distribution - IZZY DOLL INITIATIVE","isPartOf":{"@id":"https:\/\/izzydoll.org\/en\/#website"},"primaryImageOfPage":{"@id":"https:\/\/izzydoll.org\/impact\/worldwide-distribution\/#primaryimage"},"image":{"@id":"https:\/\/izzydoll.org\/impact\/worldwide-distribution\/#primaryimage"},"thumbnailUrl":"https:\/\/izzydoll.org\/wp-content\/uploads\/2024\/10\/Distribution-Map-edited-e1732369469841.png","datePublished":"2024-10-27T15:28:46+00:00","dateModified":"2025-10-04T13:46:52+00:00","description":"Did you know that Izzy Dolls have comforted children in need in over 130 countries? Click here to see our worldwide distribution map.","breadcrumb":{"@id":"https:\/\/izzydoll.org\/impact\/worldwide-distribution\/#breadcrumb"},"inLanguage":"fr-FR","potentialAction":[{"@type":"ReadAction","target":["https:\/\/izzydoll.org\/impact\/worldwide-distribution\/"]}]},{"@type":"ImageObject","inLanguage":"fr-FR","@id":"https:\/\/izzydoll.org\/impact\/worldwide-distribution\/#primaryimage","url":"https:\/\/izzydoll.org\/wp-content\/uploads\/2024\/10\/Distribution-Map-edited-e1732369469841.png","contentUrl":"https:\/\/izzydoll.org\/wp-content\/uploads\/2024\/10\/Distribution-Map-edited-e1732369469841.png","width":680,"height":462},{"@type":"BreadcrumbList","@id":"https:\/\/izzydoll.org\/impact\/worldwide-distribution\/#breadcrumb","itemListElement":[{"@type":"ListItem","position":1,"name":"Home","item":"https:\/\/izzydoll.org\/"},{"@type":"ListItem","position":2,"name":"IMPACT BLOG","item":"https:\/\/izzydoll.org\/impact\/"},{"@type":"ListItem","position":3,"name":"Worldwide Distribution"}]},{"@type":"WebSite","@id":"https:\/\/izzydoll.org\/en\/#website","url":"https:\/\/izzydoll.org\/en\/","name":"izzydoll.org","description":"Un h\u00e9ritage de petits points cr\u00e9ant de GRANDES diff\u00e9rences.","publisher":{"@id":"https:\/\/izzydoll.org\/en\/#organization"},"potentialAction":[{"@type":"SearchAction","target":{"@type":"EntryPoint","urlTemplate":"https:\/\/izzydoll.org\/en\/?s={search_term_string}"},"query-input":{"@type":"PropertyValueSpecification","valueRequired":true,"valueName":"search_term_string"}}],"inLanguage":"fr-FR"},{"@type":"Organization","@id":"https:\/\/izzydoll.org\/en\/#organization","name":"l'Initiative des poup\u00e9es Izzy","url":"https:\/\/izzydoll.org\/en\/","logo":{"@type":"ImageObject","inLanguage":"fr-FR","@id":"https:\/\/izzydoll.org\/en\/#\/schema\/logo\/image\/","url":"https:\/\/izzydoll.org\/wp-content\/uploads\/2024\/10\/cropped-IZZY-DOLL-Initiative-Logo-1.png","contentUrl":"https:\/\/izzydoll.org\/wp-content\/uploads\/2024\/10\/cropped-IZZY-DOLL-Initiative-Logo-1.png","width":959,"height":497,"caption":"Izzy Doll Initiative"},"image":{"@id":"https:\/\/izzydoll.org\/en\/#\/schema\/logo\/image\/"},"sameAs":["https:\/\/www.facebook.com\/izzydolls\/"]}]}},"jetpack_sharing_enabled":true,"_links":{"self":[{"href":"https:\/\/izzydoll.org\/fr\/wp-json\/wp\/v2\/pages\/257","targetHints":{"allow":["GET"]}}],"collection":[{"href":"https:\/\/izzydoll.org\/fr\/wp-json\/wp\/v2\/pages"}],"about":[{"href":"https:\/\/izzydoll.org\/fr\/wp-json\/wp\/v2\/types\/page"}],"author":[{"embeddable":true,"href":"https:\/\/izzydoll.org\/fr\/wp-json\/wp\/v2\/users\/2"}],"replies":[{"embeddable":true,"href":"https:\/\/izzydoll.org\/fr\/wp-json\/wp\/v2\/comments?post=257"}],"version-history":[{"count":15,"href":"https:\/\/izzydoll.org\/fr\/wp-json\/wp\/v2\/pages\/257\/revisions"}],"predecessor-version":[{"id":1355,"href":"https:\/\/izzydoll.org\/fr\/wp-json\/wp\/v2\/pages\/257\/revisions\/1355"}],"up":[{"embeddable":true,"href":"https:\/\/izzydoll.org\/fr\/wp-json\/wp\/v2\/pages\/52"}],"wp:featuredmedia":[{"embeddable":true,"href":"https:\/\/izzydoll.org\/fr\/wp-json\/wp\/v2\/media\/436"}],"wp:attachment":[{"href":"https:\/\/izzydoll.org\/fr\/wp-json\/wp\/v2\/media?parent=257"}],"curies":[{"name":"wp","href":"https:\/\/api.w.org\/{rel}","templated":true}]}}