{"id":146,"date":"2024-10-13T15:46:54","date_gmt":"2024-10-13T19:46:54","guid":{"rendered":"https:\/\/izzydoll.org\/?page_id=146"},"modified":"2025-10-04T09:23:24","modified_gmt":"2025-10-04T13:23:24","slug":"contact-us","status":"publish","type":"page","link":"https:\/\/izzydoll.org\/fr\/contact-us\/","title":{"rendered":"CONTACTS"},"content":{"rendered":"<figure class=\"wp-block-image size-full\"><img loading=\"lazy\" decoding=\"async\" width=\"4723\" height=\"624\" src=\"http:\/\/izzydoll.org\/wp-content\/uploads\/2024\/10\/header-izzy-dolls-5.png\" alt=\"\" class=\"wp-image-200\" srcset=\"https:\/\/izzydoll.org\/wp-content\/uploads\/2024\/10\/header-izzy-dolls-5.png 4723w, https:\/\/izzydoll.org\/wp-content\/uploads\/2024\/10\/header-izzy-dolls-5-300x40.png 300w, https:\/\/izzydoll.org\/wp-content\/uploads\/2024\/10\/header-izzy-dolls-5-1024x135.png 1024w, https:\/\/izzydoll.org\/wp-content\/uploads\/2024\/10\/header-izzy-dolls-5-768x101.png 768w, https:\/\/izzydoll.org\/wp-content\/uploads\/2024\/10\/header-izzy-dolls-5-1536x203.png 1536w, https:\/\/izzydoll.org\/wp-content\/uploads\/2024\/10\/header-izzy-dolls-5-2048x271.png 2048w, https:\/\/izzydoll.org\/wp-content\/uploads\/2024\/10\/header-izzy-dolls-5-18x2.png 18w\" sizes=\"auto, (max-width: 4723px) 100vw, 4723px\" \/><\/figure>\n\n\n\n<h3 class=\"wp-block-heading\">Prenez contact avec notre \u00e9quipe de b\u00e9n\u00e9voles!<\/h3>\n\n\n\n<div class=\"wp-block-media-text is-stacked-on-mobile is-vertically-aligned-top\" style=\"padding-top:var(--wp--preset--spacing--30);padding-bottom:var(--wp--preset--spacing--30);grid-template-columns:20% auto\"><figure class=\"wp-block-media-text__media\"><img loading=\"lazy\" decoding=\"async\" width=\"511\" height=\"531\" src=\"https:\/\/izzydoll.org\/wp-content\/uploads\/2024\/10\/Lise.png\" alt=\"\" class=\"wp-image-159 size-full\" srcset=\"https:\/\/izzydoll.org\/wp-content\/uploads\/2024\/10\/Lise.png 511w, https:\/\/izzydoll.org\/wp-content\/uploads\/2024\/10\/Lise-289x300.png 289w, https:\/\/izzydoll.org\/wp-content\/uploads\/2024\/10\/Lise-12x12.png 12w\" sizes=\"auto, (max-width: 511px) 100vw, 511px\" \/><\/figure><div class=\"wp-block-media-text__content\">\n<h4 class=\"wp-block-heading\">Lise Galuga<\/h4>\n\n\n\n<p class=\"has-medium-font-size\">Directrice ex\u00e9cutive de l'Initiative Izzy Doll<br><a href=\"mailto:lise@izzydoll.org\" target=\"_blank\" rel=\"noreferrer noopener\">lise@izzydoll.org<\/a><\/p>\n<\/div><\/div>\n\n\n\n<div class=\"wp-block-media-text is-stacked-on-mobile is-vertically-aligned-top\" style=\"padding-top:var(--wp--preset--spacing--30);padding-bottom:var(--wp--preset--spacing--30);grid-template-columns:20% auto\"><figure class=\"wp-block-media-text__media\"><img loading=\"lazy\" decoding=\"async\" width=\"511\" height=\"531\" src=\"https:\/\/izzydoll.org\/wp-content\/uploads\/2024\/10\/Judy-and-Leigh.png\" alt=\"\" class=\"wp-image-215 size-full\" srcset=\"https:\/\/izzydoll.org\/wp-content\/uploads\/2024\/10\/Judy-and-Leigh.png 511w, https:\/\/izzydoll.org\/wp-content\/uploads\/2024\/10\/Judy-and-Leigh-289x300.png 289w, https:\/\/izzydoll.org\/wp-content\/uploads\/2024\/10\/Judy-and-Leigh-12x12.png 12w\" sizes=\"auto, (max-width: 511px) 100vw, 511px\" \/><\/figure><div class=\"wp-block-media-text__content\">\n<h4 class=\"wp-block-heading\">Leigh &amp; Judy Isfeld<\/h4>\n\n\n\n<p class=\"has-medium-font-size\">Conseillers repr\u00e9sentant les membres de la famille Isfeld<br><a href=\"mailto:info@izzydoll.org\">info@izzydoll.org<\/a><\/p>\n<\/div><\/div>\n\n\n\n<div class=\"wp-block-media-text is-stacked-on-mobile is-vertically-aligned-top\" style=\"padding-top:var(--wp--preset--spacing--30);padding-bottom:var(--wp--preset--spacing--30);grid-template-columns:20% auto\"><figure class=\"wp-block-media-text__media\"><img loading=\"lazy\" decoding=\"async\" width=\"509\" height=\"540\" src=\"http:\/\/izzydoll.org\/wp-content\/uploads\/2025\/06\/IZZY-DOLL-Initiative-Logo-e1751305315391.jpg\" alt=\"\" class=\"wp-image-1190 size-full\" srcset=\"https:\/\/izzydoll.org\/wp-content\/uploads\/2025\/06\/IZZY-DOLL-Initiative-Logo-e1751305315391.jpg 509w, https:\/\/izzydoll.org\/wp-content\/uploads\/2025\/06\/IZZY-DOLL-Initiative-Logo-e1751305315391-283x300.jpg 283w, https:\/\/izzydoll.org\/wp-content\/uploads\/2025\/06\/IZZY-DOLL-Initiative-Logo-e1751305315391-11x12.jpg 11w\" sizes=\"auto, (max-width: 509px) 100vw, 509px\" \/><\/figure><div class=\"wp-block-media-text__content\">\n<h4 class=\"wp-block-heading\">Major-General Nicolas Pilon<\/h4>\n\n\n\n<p class=\"has-medium-font-size\">M\u00e9c\u00e8ne, Izzy Doll Initiative<br>Le Chef - G\u00e9nie militaire canadien<br><a href=\"mailto:info@izzydoll.org\">info@izzydoll.org<\/a><br><\/p>\n<\/div><\/div>\n\n\n\n<div class=\"wp-block-media-text is-stacked-on-mobile is-vertically-aligned-top\" style=\"padding-top:var(--wp--preset--spacing--30);padding-bottom:var(--wp--preset--spacing--30);grid-template-columns:20% auto\"><figure class=\"wp-block-media-text__media\"><img loading=\"lazy\" decoding=\"async\" width=\"511\" height=\"531\" src=\"https:\/\/izzydoll.org\/wp-content\/uploads\/2024\/10\/Ken-1.png\" alt=\"\" class=\"wp-image-223 size-full\" srcset=\"https:\/\/izzydoll.org\/wp-content\/uploads\/2024\/10\/Ken-1.png 511w, https:\/\/izzydoll.org\/wp-content\/uploads\/2024\/10\/Ken-1-289x300.png 289w, https:\/\/izzydoll.org\/wp-content\/uploads\/2024\/10\/Ken-1-12x12.png 12w\" sizes=\"auto, (max-width: 511px) 100vw, 511px\" \/><\/figure><div class=\"wp-block-media-text__content\">\n<h4 class=\"wp-block-heading\">Ken Holmes<\/h4>\n\n\n\n<p class=\"has-medium-font-size\">Conseiller militaire de l'Initiative Izzy Doll<br>Vice-pr\u00e9sident de l'histoire et du patrimoine, <a href=\"https:\/\/cmea-agmc.ca\/\" data-type=\"link\" data-id=\"https:\/\/cmea-agmc.ca\/\">G\u00e9nie militaire canadien<\/a><br><a href=\"mailto:info@izzydoll.org\" target=\"_blank\" rel=\"noreferrer noopener\">info@izzydoll.org<\/a><\/p>\n<\/div><\/div>\n\n\n\n<div class=\"wp-block-media-text is-stacked-on-mobile is-vertically-aligned-top\" style=\"padding-top:var(--wp--preset--spacing--30);padding-bottom:var(--wp--preset--spacing--30);grid-template-columns:20% auto\"><figure class=\"wp-block-media-text__media\"><img loading=\"lazy\" decoding=\"async\" width=\"511\" height=\"531\" src=\"https:\/\/izzydoll.org\/wp-content\/uploads\/2024\/10\/Shirley.png\" alt=\"\" class=\"wp-image-166 size-full\" srcset=\"https:\/\/izzydoll.org\/wp-content\/uploads\/2024\/10\/Shirley.png 511w, https:\/\/izzydoll.org\/wp-content\/uploads\/2024\/10\/Shirley-289x300.png 289w, https:\/\/izzydoll.org\/wp-content\/uploads\/2024\/10\/Shirley-12x12.png 12w\" sizes=\"auto, (max-width: 511px) 100vw, 511px\" \/><\/figure><div class=\"wp-block-media-text__content\">\n<h4 class=\"wp-block-heading\">Shirley O&#8217;Connell<\/h4>\n\n\n\n<p class=\"has-medium-font-size\">Conseill\u00e8re sp\u00e9ciale de l'Initiative Izzy Doll<br>Izzy Doll Mama - titre honoraire<br><a href=\"mailto:info@izzydoll.org\">info@izzydoll.org<\/a><\/p>\n<\/div><\/div>\n\n\n\n<div class=\"wp-block-media-text is-stacked-on-mobile is-vertically-aligned-top\" style=\"padding-top:var(--wp--preset--spacing--30);padding-bottom:var(--wp--preset--spacing--30);grid-template-columns:20% auto\"><figure class=\"wp-block-media-text__media\"><img loading=\"lazy\" decoding=\"async\" width=\"511\" height=\"531\" src=\"https:\/\/izzydoll.org\/wp-content\/uploads\/2024\/10\/Phyllis-Wheaton.png\" alt=\"\" class=\"wp-image-220 size-full\" srcset=\"https:\/\/izzydoll.org\/wp-content\/uploads\/2024\/10\/Phyllis-Wheaton.png 511w, https:\/\/izzydoll.org\/wp-content\/uploads\/2024\/10\/Phyllis-Wheaton-289x300.png 289w, https:\/\/izzydoll.org\/wp-content\/uploads\/2024\/10\/Phyllis-Wheaton-12x12.png 12w\" sizes=\"auto, (max-width: 511px) 100vw, 511px\" \/><\/figure><div class=\"wp-block-media-text__content\">\n<h4 class=\"wp-block-heading\">Phyllis Wheaton<\/h4>\n\n\n\n<p class=\"has-medium-font-size\">Conseill\u00e8re sp\u00e9ciale de l'Initiative Izzy Doll<br>Auteure du livre, \"In The Mood For Peace - The Story of the Izzy Doll\". Disponible seulement en anglais.<br><a href=\"mailto:info@izzydoll.org\">info@izzydoll.org<\/a><\/p>\n\n\n\n<div class=\"wp-block-media-text is-stacked-on-mobile\" style=\"grid-template-columns:15% auto\"><figure class=\"wp-block-media-text__media\"><img loading=\"lazy\" decoding=\"async\" width=\"511\" height=\"531\" src=\"http:\/\/izzydoll.org\/wp-content\/uploads\/2024\/10\/phyllis.png\" alt=\"\" class=\"wp-image-167 size-full\" srcset=\"https:\/\/izzydoll.org\/wp-content\/uploads\/2024\/10\/phyllis.png 511w, https:\/\/izzydoll.org\/wp-content\/uploads\/2024\/10\/phyllis-289x300.png 289w, https:\/\/izzydoll.org\/wp-content\/uploads\/2024\/10\/phyllis-12x12.png 12w\" sizes=\"auto, (max-width: 511px) 100vw, 511px\" \/><\/figure><div class=\"wp-block-media-text__content\">\n<p>Cliquez <a href=\"http:\/\/www.izzydoll.org\/wp-content\/uploads\/2024\/10\/ITMFP-The_Izzy_Doll_eBook.pdf\">ici pour t\u00e9l\u00e9charger une copie PDF<\/a> du livre de Phyllis Wheaton, \"In The Mood For Peace - The Story of the Izzy Doll\". Disponible seulement en anglais.<\/p>\n<\/div><\/div>\n<\/div><\/div>\n\n\n\n<div class=\"wp-block-media-text is-stacked-on-mobile is-vertically-aligned-top\" style=\"padding-top:var(--wp--preset--spacing--30);padding-bottom:var(--wp--preset--spacing--30);grid-template-columns:20% auto\"><figure class=\"wp-block-media-text__media\"><img loading=\"lazy\" decoding=\"async\" width=\"511\" height=\"529\" src=\"https:\/\/izzydoll.org\/wp-content\/uploads\/2024\/10\/Jake.png\" alt=\"\" class=\"wp-image-168 size-full\" srcset=\"https:\/\/izzydoll.org\/wp-content\/uploads\/2024\/10\/Jake.png 511w, https:\/\/izzydoll.org\/wp-content\/uploads\/2024\/10\/Jake-290x300.png 290w, https:\/\/izzydoll.org\/wp-content\/uploads\/2024\/10\/Jake-12x12.png 12w\" sizes=\"auto, (max-width: 511px) 100vw, 511px\" \/><\/figure><div class=\"wp-block-media-text__content\">\n<h4 class=\"wp-block-heading\">Colonel Jake Galuga<\/h4>\n\n\n\n<p class=\"has-medium-font-size\">Conseiller militaire de l'Initiative Izzy Doll<br>Attach\u00e9 de d\u00e9fense du Canada en France<br><a href=\"mailto:info@izzydoll.org\">info@izzydoll.org<\/a><\/p>\n<\/div><\/div>","protected":false},"excerpt":{"rendered":"<p>Get in touch with our team of volunteers! Lise Galuga Izzy Doll Initiative Executive Directorlise@izzydoll.org Leigh &amp; Judy Isfeld Izzy [&hellip;]<\/p>\n","protected":false},"author":1,"featured_media":911,"parent":0,"menu_order":0,"comment_status":"closed","ping_status":"closed","template":"","meta":{"site-sidebar-layout":"default","site-content-layout":"","ast-site-content-layout":"","site-content-style":"default","site-sidebar-style":"default","ast-global-header-display":"","ast-banner-title-visibility":"","ast-main-header-display":"","ast-hfb-above-header-display":"","ast-hfb-below-header-display":"","ast-hfb-mobile-header-display":"","site-post-title":"disabled","ast-breadcrumbs-content":"","ast-featured-img":"disabled","footer-sml-layout":"","ast-disable-related-posts":"","theme-transparent-header-meta":"","adv-header-id-meta":"","stick-header-meta":"","header-above-stick-meta":"","header-main-stick-meta":"","header-below-stick-meta":"","astra-migrate-meta-layouts":"default","ast-page-background-enabled":"default","ast-page-background-meta":{"desktop":{"background-color":"var(--ast-global-color-4)","background-image":"","background-repeat":"repeat","background-position":"center center","background-size":"auto","background-attachment":"scroll","background-type":"","background-media":"","overlay-type":"","overlay-color":"","overlay-opacity":"","overlay-gradient":""},"tablet":{"background-color":"","background-image":"","background-repeat":"repeat","background-position":"center center","background-size":"auto","background-attachment":"scroll","background-type":"","background-media":"","overlay-type":"","overlay-color":"","overlay-opacity":"","overlay-gradient":""},"mobile":{"background-color":"","background-image":"","background-repeat":"repeat","background-position":"center center","background-size":"auto","background-attachment":"scroll","background-type":"","background-media":"","overlay-type":"","overlay-color":"","overlay-opacity":"","overlay-gradient":""}},"ast-content-background-meta":{"desktop":{"background-color":"var(--ast-global-color-5)","background-image":"","background-repeat":"repeat","background-position":"center center","background-size":"auto","background-attachment":"scroll","background-type":"","background-media":"","overlay-type":"","overlay-color":"","overlay-opacity":"","overlay-gradient":""},"tablet":{"background-color":"var(--ast-global-color-5)","background-image":"","background-repeat":"repeat","background-position":"center center","background-size":"auto","background-attachment":"scroll","background-type":"","background-media":"","overlay-type":"","overlay-color":"","overlay-opacity":"","overlay-gradient":""},"mobile":{"background-color":"var(--ast-global-color-5)","background-image":"","background-repeat":"repeat","background-position":"center center","background-size":"auto","background-attachment":"scroll","background-type":"","background-media":"","overlay-type":"","overlay-color":"","overlay-opacity":"","overlay-gradient":""}},"footnotes":""},"class_list":["post-146","page","type-page","status-publish","has-post-thumbnail","hentry"],"featured_image_src":"https:\/\/izzydoll.org\/wp-content\/uploads\/2025\/03\/Izzy-Dolls-have-smiles-1.png","yoast_head":"<!-- This site is optimized with the Yoast SEO plugin v27.4 - https:\/\/yoast.com\/product\/yoast-seo-wordpress\/ -->\n<title>CONTACT US - Izzy Doll Initiative<\/title>\n<meta name=\"description\" content=\"Connect with the Izzy Doll Initiative! Learn how you can create dolls, volunteer, or ask questions about our mission to bring comfort to children around the world.\" \/>\n<meta name=\"robots\" content=\"index, follow, max-snippet:-1, max-image-preview:large, max-video-preview:-1\" \/>\n<link rel=\"canonical\" href=\"https:\/\/izzydoll.org\/fr\/contact-us\/\" \/>\n<meta property=\"og:locale\" content=\"fr_FR\" \/>\n<meta property=\"og:type\" content=\"article\" \/>\n<meta property=\"og:title\" content=\"Connect with the Izzy Doll Initiative!\" \/>\n<meta property=\"og:description\" content=\"Learn how you can create dolls, volunteer, or ask questions about our mission to bring comfort to children around the world - one doll at a time.\" \/>\n<meta property=\"og:url\" content=\"https:\/\/izzydoll.org\/fr\/contact-us\/\" \/>\n<meta property=\"og:site_name\" content=\"IZZY DOLL INITIATIVE\" \/>\n<meta property=\"article:publisher\" content=\"https:\/\/www.facebook.com\/izzydolls\/\" \/>\n<meta property=\"article:modified_time\" content=\"2025-10-04T13:23:24+00:00\" \/>\n<meta property=\"og:image\" content=\"https:\/\/izzydoll.org\/wp-content\/uploads\/2024\/10\/cropped-cropped-IZZY-DOLL-Initiative-Icon-Small-White-Bkgrd.png\" \/>\n\t<meta property=\"og:image:width\" content=\"512\" \/>\n\t<meta property=\"og:image:height\" content=\"512\" \/>\n\t<meta property=\"og:image:type\" content=\"image\/png\" \/>\n<meta name=\"twitter:card\" content=\"summary_large_image\" \/>\n<meta name=\"twitter:label1\" content=\"Dur\u00e9e de lecture estim\u00e9e\" \/>\n\t<meta name=\"twitter:data1\" content=\"3 minutes\" \/>\n<script type=\"application\/ld+json\" class=\"yoast-schema-graph\">{\"@context\":\"https:\\\/\\\/schema.org\",\"@graph\":[{\"@type\":[\"WebPage\",\"ContactPage\"],\"@id\":\"https:\\\/\\\/izzydoll.org\\\/contact-us\\\/\",\"url\":\"https:\\\/\\\/izzydoll.org\\\/contact-us\\\/\",\"name\":\"CONTACT US - Izzy Doll Initiative\",\"isPartOf\":{\"@id\":\"https:\\\/\\\/izzydoll.org\\\/en\\\/#website\"},\"primaryImageOfPage\":{\"@id\":\"https:\\\/\\\/izzydoll.org\\\/contact-us\\\/#primaryimage\"},\"image\":{\"@id\":\"https:\\\/\\\/izzydoll.org\\\/contact-us\\\/#primaryimage\"},\"thumbnailUrl\":\"https:\\\/\\\/izzydoll.org\\\/wp-content\\\/uploads\\\/2025\\\/03\\\/Izzy-Dolls-have-smiles-1.png\",\"datePublished\":\"2024-10-13T19:46:54+00:00\",\"dateModified\":\"2025-10-04T13:23:24+00:00\",\"description\":\"Connect with the Izzy Doll Initiative! Learn how you can create dolls, volunteer, or ask questions about our mission to bring comfort to children around the world.\",\"breadcrumb\":{\"@id\":\"https:\\\/\\\/izzydoll.org\\\/contact-us\\\/#breadcrumb\"},\"inLanguage\":\"fr-FR\",\"potentialAction\":[{\"@type\":\"ReadAction\",\"target\":[\"https:\\\/\\\/izzydoll.org\\\/contact-us\\\/\"]}]},{\"@type\":\"ImageObject\",\"inLanguage\":\"fr-FR\",\"@id\":\"https:\\\/\\\/izzydoll.org\\\/contact-us\\\/#primaryimage\",\"url\":\"https:\\\/\\\/izzydoll.org\\\/wp-content\\\/uploads\\\/2025\\\/03\\\/Izzy-Dolls-have-smiles-1.png\",\"contentUrl\":\"https:\\\/\\\/izzydoll.org\\\/wp-content\\\/uploads\\\/2025\\\/03\\\/Izzy-Dolls-have-smiles-1.png\",\"width\":252,\"height\":251},{\"@type\":\"BreadcrumbList\",\"@id\":\"https:\\\/\\\/izzydoll.org\\\/contact-us\\\/#breadcrumb\",\"itemListElement\":[{\"@type\":\"ListItem\",\"position\":1,\"name\":\"Home\",\"item\":\"https:\\\/\\\/izzydoll.org\\\/\"},{\"@type\":\"ListItem\",\"position\":2,\"name\":\"CONTACT US\"}]},{\"@type\":\"WebSite\",\"@id\":\"https:\\\/\\\/izzydoll.org\\\/en\\\/#website\",\"url\":\"https:\\\/\\\/izzydoll.org\\\/en\\\/\",\"name\":\"izzydoll.org\",\"description\":\"A legacy of small stitches making BIG differences.\",\"publisher\":{\"@id\":\"https:\\\/\\\/izzydoll.org\\\/en\\\/#organization\"},\"potentialAction\":[{\"@type\":\"SearchAction\",\"target\":{\"@type\":\"EntryPoint\",\"urlTemplate\":\"https:\\\/\\\/izzydoll.org\\\/en\\\/?s={search_term_string}\"},\"query-input\":{\"@type\":\"PropertyValueSpecification\",\"valueRequired\":true,\"valueName\":\"search_term_string\"}}],\"inLanguage\":\"fr-FR\"},{\"@type\":\"Organization\",\"@id\":\"https:\\\/\\\/izzydoll.org\\\/en\\\/#organization\",\"name\":\"Izzy Doll Initiative\",\"url\":\"https:\\\/\\\/izzydoll.org\\\/en\\\/\",\"logo\":{\"@type\":\"ImageObject\",\"inLanguage\":\"fr-FR\",\"@id\":\"https:\\\/\\\/izzydoll.org\\\/en\\\/#\\\/schema\\\/logo\\\/image\\\/\",\"url\":\"https:\\\/\\\/izzydoll.org\\\/wp-content\\\/uploads\\\/2024\\\/10\\\/cropped-IZZY-DOLL-Initiative-Logo-1.png\",\"contentUrl\":\"https:\\\/\\\/izzydoll.org\\\/wp-content\\\/uploads\\\/2024\\\/10\\\/cropped-IZZY-DOLL-Initiative-Logo-1.png\",\"width\":959,\"height\":497,\"caption\":\"Izzy Doll Initiative\"},\"image\":{\"@id\":\"https:\\\/\\\/izzydoll.org\\\/en\\\/#\\\/schema\\\/logo\\\/image\\\/\"},\"sameAs\":[\"https:\\\/\\\/www.facebook.com\\\/izzydolls\\\/\"]}]}<\/script>\n<!-- \/ Yoast SEO plugin. -->","yoast_head_json":{"title":"CONTACT US - Izzy Doll Initiative","description":"Connect with the Izzy Doll Initiative! Learn how you can create dolls, volunteer, or ask questions about our mission to bring comfort to children around the world.","robots":{"index":"index","follow":"follow","max-snippet":"max-snippet:-1","max-image-preview":"max-image-preview:large","max-video-preview":"max-video-preview:-1"},"canonical":"https:\/\/izzydoll.org\/fr\/contact-us\/","og_locale":"fr_FR","og_type":"article","og_title":"Connect with the Izzy Doll Initiative!","og_description":"Learn how you can create dolls, volunteer, or ask questions about our mission to bring comfort to children around the world - one doll at a time.","og_url":"https:\/\/izzydoll.org\/fr\/contact-us\/","og_site_name":"IZZY DOLL INITIATIVE","article_publisher":"https:\/\/www.facebook.com\/izzydolls\/","article_modified_time":"2025-10-04T13:23:24+00:00","og_image":[{"width":512,"height":512,"url":"https:\/\/izzydoll.org\/wp-content\/uploads\/2024\/10\/cropped-cropped-IZZY-DOLL-Initiative-Icon-Small-White-Bkgrd.png","type":"image\/png"}],"twitter_card":"summary_large_image","twitter_misc":{"Dur\u00e9e de lecture estim\u00e9e":"3 minutes"},"schema":{"@context":"https:\/\/schema.org","@graph":[{"@type":["WebPage","ContactPage"],"@id":"https:\/\/izzydoll.org\/contact-us\/","url":"https:\/\/izzydoll.org\/contact-us\/","name":"CONTACT US - Izzy Doll Initiative","isPartOf":{"@id":"https:\/\/izzydoll.org\/en\/#website"},"primaryImageOfPage":{"@id":"https:\/\/izzydoll.org\/contact-us\/#primaryimage"},"image":{"@id":"https:\/\/izzydoll.org\/contact-us\/#primaryimage"},"thumbnailUrl":"https:\/\/izzydoll.org\/wp-content\/uploads\/2025\/03\/Izzy-Dolls-have-smiles-1.png","datePublished":"2024-10-13T19:46:54+00:00","dateModified":"2025-10-04T13:23:24+00:00","description":"Connect with the Izzy Doll Initiative! Learn how you can create dolls, volunteer, or ask questions about our mission to bring comfort to children around the world.","breadcrumb":{"@id":"https:\/\/izzydoll.org\/contact-us\/#breadcrumb"},"inLanguage":"fr-FR","potentialAction":[{"@type":"ReadAction","target":["https:\/\/izzydoll.org\/contact-us\/"]}]},{"@type":"ImageObject","inLanguage":"fr-FR","@id":"https:\/\/izzydoll.org\/contact-us\/#primaryimage","url":"https:\/\/izzydoll.org\/wp-content\/uploads\/2025\/03\/Izzy-Dolls-have-smiles-1.png","contentUrl":"https:\/\/izzydoll.org\/wp-content\/uploads\/2025\/03\/Izzy-Dolls-have-smiles-1.png","width":252,"height":251},{"@type":"BreadcrumbList","@id":"https:\/\/izzydoll.org\/contact-us\/#breadcrumb","itemListElement":[{"@type":"ListItem","position":1,"name":"Home","item":"https:\/\/izzydoll.org\/"},{"@type":"ListItem","position":2,"name":"CONTACT US"}]},{"@type":"WebSite","@id":"https:\/\/izzydoll.org\/en\/#website","url":"https:\/\/izzydoll.org\/en\/","name":"izzydoll.org","description":"Un h\u00e9ritage de petits points cr\u00e9ant de GRANDES diff\u00e9rences.","publisher":{"@id":"https:\/\/izzydoll.org\/en\/#organization"},"potentialAction":[{"@type":"SearchAction","target":{"@type":"EntryPoint","urlTemplate":"https:\/\/izzydoll.org\/en\/?s={search_term_string}"},"query-input":{"@type":"PropertyValueSpecification","valueRequired":true,"valueName":"search_term_string"}}],"inLanguage":"fr-FR"},{"@type":"Organization","@id":"https:\/\/izzydoll.org\/en\/#organization","name":"l'Initiative des poup\u00e9es Izzy","url":"https:\/\/izzydoll.org\/en\/","logo":{"@type":"ImageObject","inLanguage":"fr-FR","@id":"https:\/\/izzydoll.org\/en\/#\/schema\/logo\/image\/","url":"https:\/\/izzydoll.org\/wp-content\/uploads\/2024\/10\/cropped-IZZY-DOLL-Initiative-Logo-1.png","contentUrl":"https:\/\/izzydoll.org\/wp-content\/uploads\/2024\/10\/cropped-IZZY-DOLL-Initiative-Logo-1.png","width":959,"height":497,"caption":"Izzy Doll Initiative"},"image":{"@id":"https:\/\/izzydoll.org\/en\/#\/schema\/logo\/image\/"},"sameAs":["https:\/\/www.facebook.com\/izzydolls\/"]}]}},"jetpack_sharing_enabled":true,"_links":{"self":[{"href":"https:\/\/izzydoll.org\/fr\/wp-json\/wp\/v2\/pages\/146","targetHints":{"allow":["GET"]}}],"collection":[{"href":"https:\/\/izzydoll.org\/fr\/wp-json\/wp\/v2\/pages"}],"about":[{"href":"https:\/\/izzydoll.org\/fr\/wp-json\/wp\/v2\/types\/page"}],"author":[{"embeddable":true,"href":"https:\/\/izzydoll.org\/fr\/wp-json\/wp\/v2\/users\/1"}],"replies":[{"embeddable":true,"href":"https:\/\/izzydoll.org\/fr\/wp-json\/wp\/v2\/comments?post=146"}],"version-history":[{"count":33,"href":"https:\/\/izzydoll.org\/fr\/wp-json\/wp\/v2\/pages\/146\/revisions"}],"predecessor-version":[{"id":1267,"href":"https:\/\/izzydoll.org\/fr\/wp-json\/wp\/v2\/pages\/146\/revisions\/1267"}],"wp:featuredmedia":[{"embeddable":true,"href":"https:\/\/izzydoll.org\/fr\/wp-json\/wp\/v2\/media\/911"}],"wp:attachment":[{"href":"https:\/\/izzydoll.org\/fr\/wp-json\/wp\/v2\/media?parent=146"}],"curies":[{"name":"wp","href":"https:\/\/api.w.org\/{rel}","templated":true}]}}