{"id":1253,"date":"2025-07-31T10:29:39","date_gmt":"2025-07-31T14:29:39","guid":{"rendered":"https:\/\/izzydoll.org\/?page_id=1253"},"modified":"2025-10-04T09:43:44","modified_gmt":"2025-10-04T13:43:44","slug":"carols-angels","status":"publish","type":"page","link":"https:\/\/izzydoll.org\/fr\/mark-isfeld-legacy\/carols-angels\/","title":{"rendered":"Carol\u2019s Angels"},"content":{"rendered":"<figure class=\"wp-block-image size-full\"><img loading=\"lazy\" decoding=\"async\" width=\"4723\" height=\"624\" src=\"https:\/\/izzydoll.org\/wp-content\/uploads\/2024\/10\/header-izzy-dolls-5.png\" alt=\"\" class=\"wp-image-200\" srcset=\"https:\/\/izzydoll.org\/wp-content\/uploads\/2024\/10\/header-izzy-dolls-5.png 4723w, https:\/\/izzydoll.org\/wp-content\/uploads\/2024\/10\/header-izzy-dolls-5-300x40.png 300w, https:\/\/izzydoll.org\/wp-content\/uploads\/2024\/10\/header-izzy-dolls-5-1024x135.png 1024w, https:\/\/izzydoll.org\/wp-content\/uploads\/2024\/10\/header-izzy-dolls-5-768x101.png 768w, https:\/\/izzydoll.org\/wp-content\/uploads\/2024\/10\/header-izzy-dolls-5-1536x203.png 1536w, https:\/\/izzydoll.org\/wp-content\/uploads\/2024\/10\/header-izzy-dolls-5-2048x271.png 2048w, https:\/\/izzydoll.org\/wp-content\/uploads\/2024\/10\/header-izzy-dolls-5-18x2.png 18w\" sizes=\"auto, (max-width: 4723px) 100vw, 4723px\" \/><\/figure>\n\n\n\n<h3 class=\"wp-block-heading\">Rejoignez \u00ab Les anges de Carol \u00bb !<\/h3>\n\n\n\n<div class=\"wp-block-columns is-layout-flex wp-container-core-columns-is-layout-28f84493 wp-block-columns-is-layout-flex\">\n<div class=\"wp-block-column is-layout-flow wp-block-column-is-layout-flow\" style=\"flex-basis:33.33%\">\n<figure class=\"wp-block-image size-full\"><img loading=\"lazy\" decoding=\"async\" width=\"471\" height=\"378\" src=\"https:\/\/izzydoll.org\/wp-content\/uploads\/2025\/05\/Certificate.png\" alt=\"\" class=\"wp-image-1087\" srcset=\"https:\/\/izzydoll.org\/wp-content\/uploads\/2025\/05\/Certificate.png 471w, https:\/\/izzydoll.org\/wp-content\/uploads\/2025\/05\/Certificate-300x241.png 300w, https:\/\/izzydoll.org\/wp-content\/uploads\/2025\/05\/Certificate-15x12.png 15w\" sizes=\"auto, (max-width: 471px) 100vw, 471px\" \/><\/figure>\n<\/div>\n\n\n\n<div class=\"wp-block-column is-layout-flow wp-block-column-is-layout-flow\" style=\"flex-basis:66.66%\">\n<p>Avez-vous franchi le cap remarquable des 100 dons de poup\u00e9es Izzy ? Si oui, rejoignez \u00ab Les anges de Carol \u00bb, notre programme de reconnaissance d\u00e9di\u00e9 aux donateurs ayant offert 100 poup\u00e9es Izzy ou plus.<\/p>\n\n\n\n<p>Chaque poup\u00e9e Izzy renferme une magie particuli\u00e8re. Ces petites poup\u00e9es faites \u00e0 la main apportent un immense r\u00e9confort, perp\u00e9tuant ainsi l'h\u00e9ritage de bont\u00e9 initi\u00e9 par le caporal-chef Mark Isfeld et sa m\u00e8re, Carol Isfeld.<\/p>\n\n\n\n<p>Chaque poup\u00e9e Izzy est un symbole tangible de sollicitude et de paix. Elles sont distribu\u00e9es aussi bien localement, aux enfants qui ont besoin de r\u00e9confort, qu'\u00e0 travers le monde, \u00e0 ceux qui vivent dans des zones de conflit ou des r\u00e9gions sinistr\u00e9es.<\/p>\n<\/div>\n<\/div>\n\n\n\n<p>Au sein de notre communaut\u00e9 d\u00e9vou\u00e9e de cr\u00e9ateurs et cr\u00e9atrices, certains se distinguent par les innombrables heures et l'immense c\u0153ur qu'ils consacrent \u00e0 cette mission. Nous les appelons affectueusement \u00ab Les Anges de Carol \u00bb, car ils incarnent parfaitement l'esprit de compassion qui caract\u00e9rise l'Initiative des Poup\u00e9es Izzy.\n\nFabriquer et offrir 100 de ces poup\u00e9es Izzy est un accomplissement remarquable. C'est le fruit de centaines d'heures minutieuse, d'un engagement profond pour apporter du r\u00e9confort aux enfants en d\u00e9tresse, et d'un vibrant hommage \u00e0 la m\u00e9moire du Caporal-chef Mark Isfeld. Chacune de ces poup\u00e9es repr\u00e9sente une promesse de r\u00e9confort pour un enfant confront\u00e9 \u00e0 l'\u00e9preuve.<\/p>\n\n\n\n<p><strong>Nous souhaitons VOUS mettre \u00e0 l'honneur !<\/strong><\/p>\n\n\n\n<p>Nous souhaitons mettre en lumi\u00e8re&nbsp;<em>tous<\/em>&nbsp;nos cr\u00e9ateurs et cr\u00e9atrices d\u00e9vou\u00e9s qui ont atteint l'important cap des 100 poup\u00e9es Izzy confectionn\u00e9es. Votre engagement m\u00e9rite d'\u00eatre reconnu, et vos r\u00e9cits peuvent inspirer d'autres membres au sein de notre communaut\u00e9 grandissante, et m\u00eame au-del\u00e0.<\/p>\n\n\n\n<p>Si vous faites partie de nos \u00ab Anges de Carol \u00bb, ayant confectionn\u00e9 et offert 100 poup\u00e9es Izzy ou plus, nous serions honor\u00e9s d'avoir de vos nouvelles. Merci de bien vouloir consacrer quelques instants \u00e0 remplir notre&nbsp;<a href=\"https:\/\/docs.google.com\/forms\/d\/e\/1FAIpQLSecrpGlmJLsfkfedEzmTh50Cqoo7T67BqWV3omamdC7piYKuw\/viewform?usp=header\">formulaire de reconnaissance<\/a>:<\/p>\n\n\n\n<iframe loading=\"lazy\" src=\"https:\/\/docs.google.com\/forms\/d\/e\/1FAIpQLSecrpGlmJLsfkfedEzmTh50Cqoo7T67BqWV3omamdC7piYKuw\/viewform?embedded=true\" width=\"640\" height=\"2957\" frameborder=\"0\" marginheight=\"0\" marginwidth=\"0\">Loading\u2026<\/iframe>\n\n\n\n<p>Chaque maille, chaque poup\u00e9e Izzy, chaque geste de bont\u00e9 contribue \u00e0 la vague de r\u00e9confort que l'Initiative des poup\u00e9es Izzy propage \u00e0 travers le monde. Nous tenons \u00e0 c\u00e9l\u00e9brer l'incroyable g\u00e9n\u00e9rosit\u00e9 et l'esprit qui animent la communaut\u00e9 des poup\u00e9es Izzy. Merci pour tout ce que vous faites !<\/p>\n\n\n\n<p><\/p>","protected":false},"excerpt":{"rendered":"<p>Join \u201cCarol\u2019s Angels\u201d! Have you reached the incredible milestone of donating 100 Izzy Dolls? You can join \u201cCarol\u2019s Angels\u201d, the [&hellip;]<\/p>\n","protected":false},"author":2,"featured_media":1087,"parent":67,"menu_order":0,"comment_status":"closed","ping_status":"closed","template":"","meta":{"site-sidebar-layout":"default","site-content-layout":"","ast-site-content-layout":"default","site-content-style":"default","site-sidebar-style":"default","ast-global-header-display":"","ast-banner-title-visibility":"","ast-main-header-display":"","ast-hfb-above-header-display":"","ast-hfb-below-header-display":"","ast-hfb-mobile-header-display":"","site-post-title":"disabled","ast-breadcrumbs-content":"","ast-featured-img":"disabled","footer-sml-layout":"","ast-disable-related-posts":"","theme-transparent-header-meta":"","adv-header-id-meta":"","stick-header-meta":"","header-above-stick-meta":"","header-main-stick-meta":"","header-below-stick-meta":"","astra-migrate-meta-layouts":"default","ast-page-background-enabled":"default","ast-page-background-meta":{"desktop":{"background-color":"var(--ast-global-color-4)","background-image":"","background-repeat":"repeat","background-position":"center center","background-size":"auto","background-attachment":"scroll","background-type":"","background-media":"","overlay-type":"","overlay-color":"","overlay-opacity":"","overlay-gradient":""},"tablet":{"background-color":"","background-image":"","background-repeat":"repeat","background-position":"center center","background-size":"auto","background-attachment":"scroll","background-type":"","background-media":"","overlay-type":"","overlay-color":"","overlay-opacity":"","overlay-gradient":""},"mobile":{"background-color":"","background-image":"","background-repeat":"repeat","background-position":"center center","background-size":"auto","background-attachment":"scroll","background-type":"","background-media":"","overlay-type":"","overlay-color":"","overlay-opacity":"","overlay-gradient":""}},"ast-content-background-meta":{"desktop":{"background-color":"var(--ast-global-color-5)","background-image":"","background-repeat":"repeat","background-position":"center center","background-size":"auto","background-attachment":"scroll","background-type":"","background-media":"","overlay-type":"","overlay-color":"","overlay-opacity":"","overlay-gradient":""},"tablet":{"background-color":"var(--ast-global-color-5)","background-image":"","background-repeat":"repeat","background-position":"center center","background-size":"auto","background-attachment":"scroll","background-type":"","background-media":"","overlay-type":"","overlay-color":"","overlay-opacity":"","overlay-gradient":""},"mobile":{"background-color":"var(--ast-global-color-5)","background-image":"","background-repeat":"repeat","background-position":"center center","background-size":"auto","background-attachment":"scroll","background-type":"","background-media":"","overlay-type":"","overlay-color":"","overlay-opacity":"","overlay-gradient":""}},"footnotes":""},"class_list":["post-1253","page","type-page","status-publish","has-post-thumbnail","hentry"],"featured_image_src":"https:\/\/izzydoll.org\/wp-content\/uploads\/2025\/05\/Certificate.png","yoast_head":"<!-- This site is optimized with the Yoast SEO plugin v27.4 - https:\/\/yoast.com\/product\/yoast-seo-wordpress\/ -->\n<title>Carol\u2019s Angels - IZZY DOLL INITIATIVE<\/title>\n<meta name=\"description\" content=\"Recognize your incredible milestone of donating 100 Izzy Dolls by joining \u201cCarol\u2019s Angels,\u201d our exclusive recognition program. These small, handcrafted figures provide comfort and hope to children in conflict zones and disaster areas worldwide, continuing the legacy of kindness started by Master Corporal Mark Isfeld and his mother, Carol. Celebrate your commitment to this mission and inspire others by sharing your story. Fill out our recognition form to be featured as one of our dedicated \u201cCarol\u2019s Angels\u201d and receive the recognition you deserve.\" \/>\n<meta name=\"robots\" content=\"index, follow, max-snippet:-1, max-image-preview:large, max-video-preview:-1\" \/>\n<link rel=\"canonical\" href=\"https:\/\/izzydoll.org\/fr\/mark-isfeld-legacy\/carols-angels\/\" \/>\n<meta property=\"og:locale\" content=\"fr_FR\" \/>\n<meta property=\"og:type\" content=\"article\" \/>\n<meta property=\"og:title\" content=\"Carol\u2019s Angels - IZZY DOLL INITIATIVE\" \/>\n<meta property=\"og:description\" content=\"Recognize your incredible milestone of donating 100 Izzy Dolls by joining \u201cCarol\u2019s Angels,\u201d our exclusive recognition program. These small, handcrafted figures provide comfort and hope to children in conflict zones and disaster areas worldwide, continuing the legacy of kindness started by Master Corporal Mark Isfeld and his mother, Carol. Celebrate your commitment to this mission and inspire others by sharing your story. Fill out our recognition form to be featured as one of our dedicated \u201cCarol\u2019s Angels\u201d and receive the recognition you deserve.\" \/>\n<meta property=\"og:url\" content=\"https:\/\/izzydoll.org\/fr\/mark-isfeld-legacy\/carols-angels\/\" \/>\n<meta property=\"og:site_name\" content=\"IZZY DOLL INITIATIVE\" \/>\n<meta property=\"article:publisher\" content=\"https:\/\/www.facebook.com\/izzydolls\/\" \/>\n<meta property=\"article:modified_time\" content=\"2025-10-04T13:43:44+00:00\" \/>\n<meta property=\"og:image\" content=\"https:\/\/izzydoll.org\/wp-content\/uploads\/2025\/05\/Certificate.png\" \/>\n\t<meta property=\"og:image:width\" content=\"471\" \/>\n\t<meta property=\"og:image:height\" content=\"378\" \/>\n\t<meta property=\"og:image:type\" content=\"image\/png\" \/>\n<meta name=\"twitter:card\" content=\"summary_large_image\" \/>\n<meta name=\"twitter:label1\" content=\"Dur\u00e9e de lecture estim\u00e9e\" \/>\n\t<meta name=\"twitter:data1\" content=\"2 minutes\" \/>\n<script type=\"application\/ld+json\" class=\"yoast-schema-graph\">{\"@context\":\"https:\\\/\\\/schema.org\",\"@graph\":[{\"@type\":\"WebPage\",\"@id\":\"https:\\\/\\\/izzydoll.org\\\/mark-isfeld-legacy\\\/carols-angels\\\/\",\"url\":\"https:\\\/\\\/izzydoll.org\\\/mark-isfeld-legacy\\\/carols-angels\\\/\",\"name\":\"Carol\u2019s Angels - IZZY DOLL INITIATIVE\",\"isPartOf\":{\"@id\":\"https:\\\/\\\/izzydoll.org\\\/en\\\/#website\"},\"primaryImageOfPage\":{\"@id\":\"https:\\\/\\\/izzydoll.org\\\/mark-isfeld-legacy\\\/carols-angels\\\/#primaryimage\"},\"image\":{\"@id\":\"https:\\\/\\\/izzydoll.org\\\/mark-isfeld-legacy\\\/carols-angels\\\/#primaryimage\"},\"thumbnailUrl\":\"https:\\\/\\\/izzydoll.org\\\/wp-content\\\/uploads\\\/2025\\\/05\\\/Certificate.png\",\"datePublished\":\"2025-07-31T14:29:39+00:00\",\"dateModified\":\"2025-10-04T13:43:44+00:00\",\"description\":\"Recognize your incredible milestone of donating 100 Izzy Dolls by joining \u201cCarol\u2019s Angels,\u201d our exclusive recognition program. These small, handcrafted figures provide comfort and hope to children in conflict zones and disaster areas worldwide, continuing the legacy of kindness started by Master Corporal Mark Isfeld and his mother, Carol. Celebrate your commitment to this mission and inspire others by sharing your story. Fill out our recognition form to be featured as one of our dedicated \u201cCarol\u2019s Angels\u201d and receive the recognition you deserve.\",\"breadcrumb\":{\"@id\":\"https:\\\/\\\/izzydoll.org\\\/mark-isfeld-legacy\\\/carols-angels\\\/#breadcrumb\"},\"inLanguage\":\"fr-FR\",\"potentialAction\":[{\"@type\":\"ReadAction\",\"target\":[\"https:\\\/\\\/izzydoll.org\\\/mark-isfeld-legacy\\\/carols-angels\\\/\"]}]},{\"@type\":\"ImageObject\",\"inLanguage\":\"fr-FR\",\"@id\":\"https:\\\/\\\/izzydoll.org\\\/mark-isfeld-legacy\\\/carols-angels\\\/#primaryimage\",\"url\":\"https:\\\/\\\/izzydoll.org\\\/wp-content\\\/uploads\\\/2025\\\/05\\\/Certificate.png\",\"contentUrl\":\"https:\\\/\\\/izzydoll.org\\\/wp-content\\\/uploads\\\/2025\\\/05\\\/Certificate.png\",\"width\":471,\"height\":378},{\"@type\":\"BreadcrumbList\",\"@id\":\"https:\\\/\\\/izzydoll.org\\\/mark-isfeld-legacy\\\/carols-angels\\\/#breadcrumb\",\"itemListElement\":[{\"@type\":\"ListItem\",\"position\":1,\"name\":\"Home\",\"item\":\"https:\\\/\\\/izzydoll.org\\\/\"},{\"@type\":\"ListItem\",\"position\":2,\"name\":\"ISFELD LEGACY\",\"item\":\"https:\\\/\\\/izzydoll.org\\\/mark-isfeld-legacy\\\/\"},{\"@type\":\"ListItem\",\"position\":3,\"name\":\"Carol\u2019s Angels\"}]},{\"@type\":\"WebSite\",\"@id\":\"https:\\\/\\\/izzydoll.org\\\/en\\\/#website\",\"url\":\"https:\\\/\\\/izzydoll.org\\\/en\\\/\",\"name\":\"izzydoll.org\",\"description\":\"A legacy of small stitches making BIG differences.\",\"publisher\":{\"@id\":\"https:\\\/\\\/izzydoll.org\\\/en\\\/#organization\"},\"potentialAction\":[{\"@type\":\"SearchAction\",\"target\":{\"@type\":\"EntryPoint\",\"urlTemplate\":\"https:\\\/\\\/izzydoll.org\\\/en\\\/?s={search_term_string}\"},\"query-input\":{\"@type\":\"PropertyValueSpecification\",\"valueRequired\":true,\"valueName\":\"search_term_string\"}}],\"inLanguage\":\"fr-FR\"},{\"@type\":\"Organization\",\"@id\":\"https:\\\/\\\/izzydoll.org\\\/en\\\/#organization\",\"name\":\"Izzy Doll Initiative\",\"url\":\"https:\\\/\\\/izzydoll.org\\\/en\\\/\",\"logo\":{\"@type\":\"ImageObject\",\"inLanguage\":\"fr-FR\",\"@id\":\"https:\\\/\\\/izzydoll.org\\\/en\\\/#\\\/schema\\\/logo\\\/image\\\/\",\"url\":\"https:\\\/\\\/izzydoll.org\\\/wp-content\\\/uploads\\\/2024\\\/10\\\/cropped-IZZY-DOLL-Initiative-Logo-1.png\",\"contentUrl\":\"https:\\\/\\\/izzydoll.org\\\/wp-content\\\/uploads\\\/2024\\\/10\\\/cropped-IZZY-DOLL-Initiative-Logo-1.png\",\"width\":959,\"height\":497,\"caption\":\"Izzy Doll Initiative\"},\"image\":{\"@id\":\"https:\\\/\\\/izzydoll.org\\\/en\\\/#\\\/schema\\\/logo\\\/image\\\/\"},\"sameAs\":[\"https:\\\/\\\/www.facebook.com\\\/izzydolls\\\/\"]}]}<\/script>\n<!-- \/ Yoast SEO plugin. -->","yoast_head_json":{"title":"Carol\u2019s Angels - IZZY DOLL INITIATIVE","description":"Recognize your incredible milestone of donating 100 Izzy Dolls by joining \u201cCarol\u2019s Angels,\u201d our exclusive recognition program. These small, handcrafted figures provide comfort and hope to children in conflict zones and disaster areas worldwide, continuing the legacy of kindness started by Master Corporal Mark Isfeld and his mother, Carol. Celebrate your commitment to this mission and inspire others by sharing your story. Fill out our recognition form to be featured as one of our dedicated \u201cCarol\u2019s Angels\u201d and receive the recognition you deserve.","robots":{"index":"index","follow":"follow","max-snippet":"max-snippet:-1","max-image-preview":"max-image-preview:large","max-video-preview":"max-video-preview:-1"},"canonical":"https:\/\/izzydoll.org\/fr\/mark-isfeld-legacy\/carols-angels\/","og_locale":"fr_FR","og_type":"article","og_title":"Carol\u2019s Angels - IZZY DOLL INITIATIVE","og_description":"Recognize your incredible milestone of donating 100 Izzy Dolls by joining \u201cCarol\u2019s Angels,\u201d our exclusive recognition program. These small, handcrafted figures provide comfort and hope to children in conflict zones and disaster areas worldwide, continuing the legacy of kindness started by Master Corporal Mark Isfeld and his mother, Carol. Celebrate your commitment to this mission and inspire others by sharing your story. Fill out our recognition form to be featured as one of our dedicated \u201cCarol\u2019s Angels\u201d and receive the recognition you deserve.","og_url":"https:\/\/izzydoll.org\/fr\/mark-isfeld-legacy\/carols-angels\/","og_site_name":"IZZY DOLL INITIATIVE","article_publisher":"https:\/\/www.facebook.com\/izzydolls\/","article_modified_time":"2025-10-04T13:43:44+00:00","og_image":[{"width":471,"height":378,"url":"https:\/\/izzydoll.org\/wp-content\/uploads\/2025\/05\/Certificate.png","type":"image\/png"}],"twitter_card":"summary_large_image","twitter_misc":{"Dur\u00e9e de lecture estim\u00e9e":"2 minutes"},"schema":{"@context":"https:\/\/schema.org","@graph":[{"@type":"WebPage","@id":"https:\/\/izzydoll.org\/mark-isfeld-legacy\/carols-angels\/","url":"https:\/\/izzydoll.org\/mark-isfeld-legacy\/carols-angels\/","name":"Carol\u2019s Angels - IZZY DOLL INITIATIVE","isPartOf":{"@id":"https:\/\/izzydoll.org\/en\/#website"},"primaryImageOfPage":{"@id":"https:\/\/izzydoll.org\/mark-isfeld-legacy\/carols-angels\/#primaryimage"},"image":{"@id":"https:\/\/izzydoll.org\/mark-isfeld-legacy\/carols-angels\/#primaryimage"},"thumbnailUrl":"https:\/\/izzydoll.org\/wp-content\/uploads\/2025\/05\/Certificate.png","datePublished":"2025-07-31T14:29:39+00:00","dateModified":"2025-10-04T13:43:44+00:00","description":"Recognize your incredible milestone of donating 100 Izzy Dolls by joining \u201cCarol\u2019s Angels,\u201d our exclusive recognition program. These small, handcrafted figures provide comfort and hope to children in conflict zones and disaster areas worldwide, continuing the legacy of kindness started by Master Corporal Mark Isfeld and his mother, Carol. Celebrate your commitment to this mission and inspire others by sharing your story. Fill out our recognition form to be featured as one of our dedicated \u201cCarol\u2019s Angels\u201d and receive the recognition you deserve.","breadcrumb":{"@id":"https:\/\/izzydoll.org\/mark-isfeld-legacy\/carols-angels\/#breadcrumb"},"inLanguage":"fr-FR","potentialAction":[{"@type":"ReadAction","target":["https:\/\/izzydoll.org\/mark-isfeld-legacy\/carols-angels\/"]}]},{"@type":"ImageObject","inLanguage":"fr-FR","@id":"https:\/\/izzydoll.org\/mark-isfeld-legacy\/carols-angels\/#primaryimage","url":"https:\/\/izzydoll.org\/wp-content\/uploads\/2025\/05\/Certificate.png","contentUrl":"https:\/\/izzydoll.org\/wp-content\/uploads\/2025\/05\/Certificate.png","width":471,"height":378},{"@type":"BreadcrumbList","@id":"https:\/\/izzydoll.org\/mark-isfeld-legacy\/carols-angels\/#breadcrumb","itemListElement":[{"@type":"ListItem","position":1,"name":"Home","item":"https:\/\/izzydoll.org\/"},{"@type":"ListItem","position":2,"name":"ISFELD LEGACY","item":"https:\/\/izzydoll.org\/mark-isfeld-legacy\/"},{"@type":"ListItem","position":3,"name":"Carol\u2019s Angels"}]},{"@type":"WebSite","@id":"https:\/\/izzydoll.org\/en\/#website","url":"https:\/\/izzydoll.org\/en\/","name":"izzydoll.org","description":"Un h\u00e9ritage de petits points cr\u00e9ant de GRANDES diff\u00e9rences.","publisher":{"@id":"https:\/\/izzydoll.org\/en\/#organization"},"potentialAction":[{"@type":"SearchAction","target":{"@type":"EntryPoint","urlTemplate":"https:\/\/izzydoll.org\/en\/?s={search_term_string}"},"query-input":{"@type":"PropertyValueSpecification","valueRequired":true,"valueName":"search_term_string"}}],"inLanguage":"fr-FR"},{"@type":"Organization","@id":"https:\/\/izzydoll.org\/en\/#organization","name":"l'Initiative des poup\u00e9es Izzy","url":"https:\/\/izzydoll.org\/en\/","logo":{"@type":"ImageObject","inLanguage":"fr-FR","@id":"https:\/\/izzydoll.org\/en\/#\/schema\/logo\/image\/","url":"https:\/\/izzydoll.org\/wp-content\/uploads\/2024\/10\/cropped-IZZY-DOLL-Initiative-Logo-1.png","contentUrl":"https:\/\/izzydoll.org\/wp-content\/uploads\/2024\/10\/cropped-IZZY-DOLL-Initiative-Logo-1.png","width":959,"height":497,"caption":"Izzy Doll Initiative"},"image":{"@id":"https:\/\/izzydoll.org\/en\/#\/schema\/logo\/image\/"},"sameAs":["https:\/\/www.facebook.com\/izzydolls\/"]}]}},"jetpack_sharing_enabled":true,"_links":{"self":[{"href":"https:\/\/izzydoll.org\/fr\/wp-json\/wp\/v2\/pages\/1253","targetHints":{"allow":["GET"]}}],"collection":[{"href":"https:\/\/izzydoll.org\/fr\/wp-json\/wp\/v2\/pages"}],"about":[{"href":"https:\/\/izzydoll.org\/fr\/wp-json\/wp\/v2\/types\/page"}],"author":[{"embeddable":true,"href":"https:\/\/izzydoll.org\/fr\/wp-json\/wp\/v2\/users\/2"}],"replies":[{"embeddable":true,"href":"https:\/\/izzydoll.org\/fr\/wp-json\/wp\/v2\/comments?post=1253"}],"version-history":[{"count":3,"href":"https:\/\/izzydoll.org\/fr\/wp-json\/wp\/v2\/pages\/1253\/revisions"}],"predecessor-version":[{"id":1259,"href":"https:\/\/izzydoll.org\/fr\/wp-json\/wp\/v2\/pages\/1253\/revisions\/1259"}],"up":[{"embeddable":true,"href":"https:\/\/izzydoll.org\/fr\/wp-json\/wp\/v2\/pages\/67"}],"wp:featuredmedia":[{"embeddable":true,"href":"https:\/\/izzydoll.org\/fr\/wp-json\/wp\/v2\/media\/1087"}],"wp:attachment":[{"href":"https:\/\/izzydoll.org\/fr\/wp-json\/wp\/v2\/media?parent=1253"}],"curies":[{"name":"wp","href":"https:\/\/api.w.org\/{rel}","templated":true}]}}