{"id":106,"date":"2024-10-13T12:09:47","date_gmt":"2024-10-13T16:09:47","guid":{"rendered":"https:\/\/izzydoll.org\/?page_id=106"},"modified":"2026-02-11T12:41:25","modified_gmt":"2026-02-11T16:41:25","slug":"ontario","status":"publish","type":"page","link":"https:\/\/izzydoll.org\/fr\/drop-off-locations\/ontario\/","title":{"rendered":"Ontario"},"content":{"rendered":"<figure class=\"wp-block-image size-full\"><img loading=\"lazy\" decoding=\"async\" width=\"4723\" height=\"624\" src=\"https:\/\/izzydoll.org\/wp-content\/uploads\/2024\/10\/header-izzy-dolls-5.png\" alt=\"\" class=\"wp-image-200\" srcset=\"https:\/\/izzydoll.org\/wp-content\/uploads\/2024\/10\/header-izzy-dolls-5.png 4723w, https:\/\/izzydoll.org\/wp-content\/uploads\/2024\/10\/header-izzy-dolls-5-300x40.png 300w, https:\/\/izzydoll.org\/wp-content\/uploads\/2024\/10\/header-izzy-dolls-5-1024x135.png 1024w, https:\/\/izzydoll.org\/wp-content\/uploads\/2024\/10\/header-izzy-dolls-5-768x101.png 768w, https:\/\/izzydoll.org\/wp-content\/uploads\/2024\/10\/header-izzy-dolls-5-1536x203.png 1536w, https:\/\/izzydoll.org\/wp-content\/uploads\/2024\/10\/header-izzy-dolls-5-2048x271.png 2048w, https:\/\/izzydoll.org\/wp-content\/uploads\/2024\/10\/header-izzy-dolls-5-18x2.png 18w\" sizes=\"auto, (max-width: 4723px) 100vw, 4723px\" \/><\/figure>\n\n\n\n<h3 class=\"wp-block-heading\">Les poup\u00e9es Izzy peuvent \u00eatre livr\u00e9es aux endroits en Ontario ci-dessous :<\/h3>\n\n\n\n<p>Chaque poup\u00e9e Izzy est cr\u00e9\u00e9e en m\u00e9moire du caporal-chef Mark Isfeld et destin\u00e9e \u00e0 \u00eatre distribu\u00e9e aux enfants dans le besoin dans le cadre de l'Initiative des poup\u00e9es Izzy. Elles ne peuvent \u00eatre ni achet\u00e9es ni vendues, elles doivent toujours \u00eatre offertes gratuitement aux enfants ayant besoin de r\u00e9confort.<\/p>\n\n\n\n<p>N'oubliez pas que les poup\u00e9es Izzy doivent repr\u00e9senter des humains avec une couleur de peau naturelle allant du brun fonc\u00e9 au rose p\u00e2le et qu'elles doivent mesurer entre 12 et 15 centim\u00e8tres, car leur but initial est de pouvoir tenir dans les poches des soldats. N'h\u00e9sitez pas \u00e0 faire preuve de cr\u00e9ativit\u00e9 pour les v\u00eatements, la longueur et la couleur des cheveux, ainsi que les accessoires tels que les foulards et les ceintures!<\/p>\n\n\n\n<p>Merci de partager vos cr\u00e9ations avec <a href=\"mailto:info@izzydoll.org\">info@izzydoll.org<\/a>\u00a0avant de les envoyer. Merci \u00e0 vous !<\/p>\n\n\n\n<div class=\"wp-block-columns is-layout-flex wp-container-core-columns-is-layout-28f84493 wp-block-columns-is-layout-flex\">\n<div class=\"wp-block-column is-layout-flow wp-block-column-is-layout-flow\" style=\"flex-basis:25%\">\n<figure class=\"wp-block-image size-full\"><img loading=\"lazy\" decoding=\"async\" width=\"960\" height=\"540\" src=\"http:\/\/izzydoll.org\/wp-content\/uploads\/2024\/10\/Ontario.png\" alt=\"\" class=\"wp-image-85\" srcset=\"https:\/\/izzydoll.org\/wp-content\/uploads\/2024\/10\/Ontario.png 960w, https:\/\/izzydoll.org\/wp-content\/uploads\/2024\/10\/Ontario-300x169.png 300w, https:\/\/izzydoll.org\/wp-content\/uploads\/2024\/10\/Ontario-768x432.png 768w, https:\/\/izzydoll.org\/wp-content\/uploads\/2024\/10\/Ontario-18x10.png 18w\" sizes=\"auto, (max-width: 960px) 100vw, 960px\" \/><\/figure>\n<\/div>\n\n\n\n<div class=\"wp-block-column is-layout-flow wp-block-column-is-layout-flow\" style=\"flex-basis:50%\">\n<h4 class=\"wp-block-heading\"><strong>Health Partners International Warehouse<\/strong><\/h4>\n\n\n\n<p><strong>D\u00e9p\u00f4t en personne :<\/strong><br>Les bureaux d'HPIC sont situ\u00e9s \u00e0 Oakville, en Ontario, au 2907 Portland Drive, pr\u00e8s de l'intersection de l'autoroute 403 et de Dundas. Pour prendre rendez-vous afin de d\u00e9poser les poup\u00e9es Izzy, veuillez contacter Mme Madlyn Hughes, responsable du programme de trousses m\u00e9dicales humanitaires. Vous pouvez la joindre par courriel \u00e0 mhughes@hpicanada.ca ou par t\u00e9l\u00e9phone au 905-670-1990, poste 204.<\/p>\n\n\n\n<p><strong>Colis par courrier :<\/strong><br><strong>Attention :<\/strong>&nbsp;Madlyn Hughes, Humanitarian Medical Kit Program<br>2907 Portland Dr.<br>Oakville, ON L6H 5S4<\/p>\n\n\n\n<p><strong>Site Web :<\/strong>&nbsp;<a href=\"https:\/\/www.hpicanada.ca\/\">www.hpicanada.ca<\/a><\/p>\n<\/div>\n\n\n\n<div class=\"wp-block-column is-layout-flow wp-block-column-is-layout-flow\" style=\"flex-basis:25%\">\n<ul class=\"wp-block-list\">\n<li>Health Partners International Warehouse is currently accepting Izzy Dolls to be included in Humanitarian Medical Kits supporting Canadian volunteers and healthcare professionals. The dolls will be distributed to children in need in Ukraine, Honduras, Vietnam and other countries.<\/li>\n<\/ul>\n<\/div>\n<\/div>\n\n\n\n<div class=\"wp-block-columns is-layout-flex wp-container-core-columns-is-layout-28f84493 wp-block-columns-is-layout-flex\">\n<div class=\"wp-block-column is-layout-flow wp-block-column-is-layout-flow\" style=\"flex-basis:25%\">\n<figure class=\"wp-block-image size-full\"><img loading=\"lazy\" decoding=\"async\" width=\"960\" height=\"540\" src=\"http:\/\/izzydoll.org\/wp-content\/uploads\/2024\/10\/Ontario.png\" alt=\"\" class=\"wp-image-85\" srcset=\"https:\/\/izzydoll.org\/wp-content\/uploads\/2024\/10\/Ontario.png 960w, https:\/\/izzydoll.org\/wp-content\/uploads\/2024\/10\/Ontario-300x169.png 300w, https:\/\/izzydoll.org\/wp-content\/uploads\/2024\/10\/Ontario-768x432.png 768w, https:\/\/izzydoll.org\/wp-content\/uploads\/2024\/10\/Ontario-18x10.png 18w\" sizes=\"auto, (max-width: 960px) 100vw, 960px\" \/><\/figure>\n<\/div>\n\n\n\n<div class=\"wp-block-column is-layout-flow wp-block-column-is-layout-flow\" style=\"flex-basis:50%\">\n<h4 class=\"wp-block-heading\"><strong>Rideau Park United Church<\/strong><\/h4>\n\n\n\n<p><strong>D\u00e9p\u00f4t en personne :<\/strong><br>Les poup\u00e9es Izzy peuvent \u00eatre d\u00e9pos\u00e9es \u00e0 l'adresse de l'\u00e9glise ci-dessous. Veuillez noter que le bureau est ouvert du lundi au vendredi, de 9h \u00e0 16h. Des modalit\u00e9s de d\u00e9p\u00f4t peuvent \u00eatre prises en appelant le 613-773-3156.<\/p>\n\n\n\n<p><strong>Colis par courrier :<\/strong><br>Rideau Park United Church<br>2203 Alta Vista Dr.<br>Ottawa, ON K7H 2L9<\/p>\n\n\n\n<p><strong>Site Web :<\/strong> <a href=\"https:\/\/www.rideaupark.ca\/\">www.rideaupark.ca<\/a><\/p>\n<\/div>\n\n\n\n<div class=\"wp-block-column is-layout-flow wp-block-column-is-layout-flow\" style=\"flex-basis:25%\">\n<ul class=\"wp-block-list\">\n<li>L'\u00e9glise Rideau Park United Church accepte les poup\u00e9es Izzy afin qu'elles soient transmises aux militaires canadiens qui partent en mission. Les poup\u00e9es seront distribu\u00e9es aux enfants dans le besoin l\u00e0 o\u00f9 les militaires canadiens seront d\u00e9ploy\u00e9s.<\/li>\n<\/ul>\n<\/div>\n<\/div>\n\n\n\n<div class=\"wp-block-columns is-layout-flex wp-container-core-columns-is-layout-28f84493 wp-block-columns-is-layout-flex\">\n<div class=\"wp-block-column is-layout-flow wp-block-column-is-layout-flow\" style=\"flex-basis:25%\">\n<figure class=\"wp-block-image size-full\"><img loading=\"lazy\" decoding=\"async\" width=\"960\" height=\"540\" src=\"http:\/\/izzydoll.org\/wp-content\/uploads\/2024\/10\/Ontario.png\" alt=\"\" class=\"wp-image-85\" srcset=\"https:\/\/izzydoll.org\/wp-content\/uploads\/2024\/10\/Ontario.png 960w, https:\/\/izzydoll.org\/wp-content\/uploads\/2024\/10\/Ontario-300x169.png 300w, https:\/\/izzydoll.org\/wp-content\/uploads\/2024\/10\/Ontario-768x432.png 768w, https:\/\/izzydoll.org\/wp-content\/uploads\/2024\/10\/Ontario-18x10.png 18w\" sizes=\"auto, (max-width: 960px) 100vw, 960px\" \/><\/figure>\n<\/div>\n\n\n\n<div class=\"wp-block-column is-layout-flow wp-block-column-is-layout-flow\" style=\"flex-basis:50%\">\n<h4 class=\"wp-block-heading\"><strong>Bethel United Church<\/strong><\/h4>\n\n\n\n<p><strong>D\u00e9p\u00f4t en personne :<\/strong><br>Les poup\u00e9es Izzy peuvent \u00eatre d\u00e9pos\u00e9es \u00e0 l'adresse de l'\u00e9glise ci-dessous. Veuillez noter que le bureau est ouvert du lundi au vendredi, de 9h \u00e0 16h. Des modalit\u00e9s de d\u00e9p\u00f4t peuvent \u00eatre prises en appelant la r\u00e9v\u00e9rende Lynne Gardiner, pasteur au 613-267-3855.<\/p>\n\n\n\n<p><strong>Colis par courrier :<\/strong><br>Bethel United Church<br>1500 Rideau Ferry Rd.<br>Perth, ON K7H 3C7<\/p>\n\n\n\n<p><strong>Site Web :<\/strong> <a href=\"https:\/\/bethelchurchrideauferry.ca\/\" data-type=\"link\" data-id=\"https:\/\/bethelchurchrideauferry.ca\/\">www.bethelchurchrideauferry.ca<\/a><\/p>\n<\/div>\n\n\n\n<div class=\"wp-block-column is-layout-flow wp-block-column-is-layout-flow\" style=\"flex-basis:25%\">\n<ul class=\"wp-block-list\">\n<li>L'\u00e9glise Bethel United Church accepte les poup\u00e9es Izzy afin qu'elles soient transmises aux militaires canadiens qui partent en mission. Les poup\u00e9es seront distribu\u00e9es aux enfants dans le besoin l\u00e0 o\u00f9 les militaires canadiens seront d\u00e9ploy\u00e9s.<\/li>\n<\/ul>\n<\/div>\n<\/div>","protected":false},"excerpt":{"rendered":"<p>Izzy Dolls can be delivered to the Ontario locations below: All Izzy Dolls are created in memory of Master Corporal [&hellip;]<\/p>\n","protected":false},"author":1,"featured_media":8,"parent":89,"menu_order":0,"comment_status":"closed","ping_status":"closed","template":"","meta":{"site-sidebar-layout":"default","site-content-layout":"","ast-site-content-layout":"default","site-content-style":"default","site-sidebar-style":"default","ast-global-header-display":"","ast-banner-title-visibility":"","ast-main-header-display":"","ast-hfb-above-header-display":"","ast-hfb-below-header-display":"","ast-hfb-mobile-header-display":"","site-post-title":"disabled","ast-breadcrumbs-content":"","ast-featured-img":"disabled","footer-sml-layout":"","ast-disable-related-posts":"","theme-transparent-header-meta":"","adv-header-id-meta":"","stick-header-meta":"","header-above-stick-meta":"","header-main-stick-meta":"","header-below-stick-meta":"","astra-migrate-meta-layouts":"default","ast-page-background-enabled":"default","ast-page-background-meta":{"desktop":{"background-color":"var(--ast-global-color-4)","background-image":"","background-repeat":"repeat","background-position":"center center","background-size":"auto","background-attachment":"scroll","background-type":"","background-media":"","overlay-type":"","overlay-color":"","overlay-opacity":"","overlay-gradient":""},"tablet":{"background-color":"","background-image":"","background-repeat":"repeat","background-position":"center center","background-size":"auto","background-attachment":"scroll","background-type":"","background-media":"","overlay-type":"","overlay-color":"","overlay-opacity":"","overlay-gradient":""},"mobile":{"background-color":"","background-image":"","background-repeat":"repeat","background-position":"center center","background-size":"auto","background-attachment":"scroll","background-type":"","background-media":"","overlay-type":"","overlay-color":"","overlay-opacity":"","overlay-gradient":""}},"ast-content-background-meta":{"desktop":{"background-color":"var(--ast-global-color-5)","background-image":"","background-repeat":"repeat","background-position":"center center","background-size":"auto","background-attachment":"scroll","background-type":"","background-media":"","overlay-type":"","overlay-color":"","overlay-opacity":"","overlay-gradient":""},"tablet":{"background-color":"var(--ast-global-color-5)","background-image":"","background-repeat":"repeat","background-position":"center center","background-size":"auto","background-attachment":"scroll","background-type":"","background-media":"","overlay-type":"","overlay-color":"","overlay-opacity":"","overlay-gradient":""},"mobile":{"background-color":"var(--ast-global-color-5)","background-image":"","background-repeat":"repeat","background-position":"center center","background-size":"auto","background-attachment":"scroll","background-type":"","background-media":"","overlay-type":"","overlay-color":"","overlay-opacity":"","overlay-gradient":""}},"footnotes":""},"class_list":["post-106","page","type-page","status-publish","has-post-thumbnail","hentry"],"featured_image_src":"https:\/\/izzydoll.org\/wp-content\/uploads\/2024\/10\/cropped-IZZY-DOLL-Initiative-Icon-Small-White-Bkgrd.png","yoast_head":"<!-- This site is optimized with the Yoast SEO plugin v27.4 - https:\/\/yoast.com\/product\/yoast-seo-wordpress\/ -->\n<title>Ontario - IZZY DOLL INITIATIVE<\/title>\n<meta name=\"description\" content=\"Find a drop-off location near you to donate your handmade Izzy Dolls and bring comfort to children in need around the world.\" \/>\n<meta name=\"robots\" content=\"index, follow, max-snippet:-1, max-image-preview:large, max-video-preview:-1\" \/>\n<link rel=\"canonical\" href=\"https:\/\/izzydoll.org\/fr\/drop-off-locations\/ontario\/\" \/>\n<meta property=\"og:locale\" content=\"fr_FR\" \/>\n<meta property=\"og:type\" content=\"article\" \/>\n<meta property=\"og:title\" content=\"Izzy Doll Initiative Drop-Off Locations\" \/>\n<meta property=\"og:description\" content=\"Find a drop-off location near you to donate your handmade Izzy Dolls and bring comfort to children in need around the world.\" \/>\n<meta property=\"og:url\" content=\"https:\/\/izzydoll.org\/fr\/drop-off-locations\/ontario\/\" \/>\n<meta property=\"og:site_name\" content=\"IZZY DOLL INITIATIVE\" \/>\n<meta property=\"article:publisher\" content=\"https:\/\/www.facebook.com\/izzydolls\/\" \/>\n<meta property=\"article:modified_time\" content=\"2026-02-11T16:41:25+00:00\" \/>\n<meta property=\"og:image\" content=\"https:\/\/izzydoll.org\/wp-content\/uploads\/2024\/10\/cropped-cropped-IZZY-DOLL-Initiative-Icon-Small-White-Bkgrd.png\" \/>\n\t<meta property=\"og:image:width\" content=\"512\" \/>\n\t<meta property=\"og:image:height\" content=\"512\" \/>\n\t<meta property=\"og:image:type\" content=\"image\/png\" \/>\n<meta name=\"twitter:card\" content=\"summary_large_image\" \/>\n<meta name=\"twitter:label1\" content=\"Dur\u00e9e de lecture estim\u00e9e\" \/>\n\t<meta name=\"twitter:data1\" content=\"3 minutes\" \/>\n<script type=\"application\/ld+json\" class=\"yoast-schema-graph\">{\"@context\":\"https:\\\/\\\/schema.org\",\"@graph\":[{\"@type\":\"WebPage\",\"@id\":\"https:\\\/\\\/izzydoll.org\\\/drop-off-locations\\\/ontario\\\/\",\"url\":\"https:\\\/\\\/izzydoll.org\\\/drop-off-locations\\\/ontario\\\/\",\"name\":\"Ontario - IZZY DOLL INITIATIVE\",\"isPartOf\":{\"@id\":\"https:\\\/\\\/izzydoll.org\\\/en\\\/#website\"},\"primaryImageOfPage\":{\"@id\":\"https:\\\/\\\/izzydoll.org\\\/drop-off-locations\\\/ontario\\\/#primaryimage\"},\"image\":{\"@id\":\"https:\\\/\\\/izzydoll.org\\\/drop-off-locations\\\/ontario\\\/#primaryimage\"},\"thumbnailUrl\":\"https:\\\/\\\/izzydoll.org\\\/wp-content\\\/uploads\\\/2024\\\/10\\\/cropped-IZZY-DOLL-Initiative-Icon-Small-White-Bkgrd.png\",\"datePublished\":\"2024-10-13T16:09:47+00:00\",\"dateModified\":\"2026-02-11T16:41:25+00:00\",\"description\":\"Find a drop-off location near you to donate your handmade Izzy Dolls and bring comfort to children in need around the world.\",\"breadcrumb\":{\"@id\":\"https:\\\/\\\/izzydoll.org\\\/drop-off-locations\\\/ontario\\\/#breadcrumb\"},\"inLanguage\":\"fr-FR\",\"potentialAction\":[{\"@type\":\"ReadAction\",\"target\":[\"https:\\\/\\\/izzydoll.org\\\/drop-off-locations\\\/ontario\\\/\"]}]},{\"@type\":\"ImageObject\",\"inLanguage\":\"fr-FR\",\"@id\":\"https:\\\/\\\/izzydoll.org\\\/drop-off-locations\\\/ontario\\\/#primaryimage\",\"url\":\"https:\\\/\\\/izzydoll.org\\\/wp-content\\\/uploads\\\/2024\\\/10\\\/cropped-IZZY-DOLL-Initiative-Icon-Small-White-Bkgrd.png\",\"contentUrl\":\"https:\\\/\\\/izzydoll.org\\\/wp-content\\\/uploads\\\/2024\\\/10\\\/cropped-IZZY-DOLL-Initiative-Icon-Small-White-Bkgrd.png\",\"width\":512,\"height\":512,\"caption\":\"Izzy Doll Initiative\"},{\"@type\":\"BreadcrumbList\",\"@id\":\"https:\\\/\\\/izzydoll.org\\\/drop-off-locations\\\/ontario\\\/#breadcrumb\",\"itemListElement\":[{\"@type\":\"ListItem\",\"position\":1,\"name\":\"Home\",\"item\":\"https:\\\/\\\/izzydoll.org\\\/\"},{\"@type\":\"ListItem\",\"position\":2,\"name\":\"DROP-OFF LOCATIONS\",\"item\":\"https:\\\/\\\/izzydoll.org\\\/drop-off-locations\\\/\"},{\"@type\":\"ListItem\",\"position\":3,\"name\":\"Ontario\"}]},{\"@type\":\"WebSite\",\"@id\":\"https:\\\/\\\/izzydoll.org\\\/en\\\/#website\",\"url\":\"https:\\\/\\\/izzydoll.org\\\/en\\\/\",\"name\":\"izzydoll.org\",\"description\":\"A legacy of small stitches making BIG differences.\",\"publisher\":{\"@id\":\"https:\\\/\\\/izzydoll.org\\\/en\\\/#organization\"},\"potentialAction\":[{\"@type\":\"SearchAction\",\"target\":{\"@type\":\"EntryPoint\",\"urlTemplate\":\"https:\\\/\\\/izzydoll.org\\\/en\\\/?s={search_term_string}\"},\"query-input\":{\"@type\":\"PropertyValueSpecification\",\"valueRequired\":true,\"valueName\":\"search_term_string\"}}],\"inLanguage\":\"fr-FR\"},{\"@type\":\"Organization\",\"@id\":\"https:\\\/\\\/izzydoll.org\\\/en\\\/#organization\",\"name\":\"Izzy Doll Initiative\",\"url\":\"https:\\\/\\\/izzydoll.org\\\/en\\\/\",\"logo\":{\"@type\":\"ImageObject\",\"inLanguage\":\"fr-FR\",\"@id\":\"https:\\\/\\\/izzydoll.org\\\/en\\\/#\\\/schema\\\/logo\\\/image\\\/\",\"url\":\"https:\\\/\\\/izzydoll.org\\\/wp-content\\\/uploads\\\/2024\\\/10\\\/cropped-IZZY-DOLL-Initiative-Logo-1.png\",\"contentUrl\":\"https:\\\/\\\/izzydoll.org\\\/wp-content\\\/uploads\\\/2024\\\/10\\\/cropped-IZZY-DOLL-Initiative-Logo-1.png\",\"width\":959,\"height\":497,\"caption\":\"Izzy Doll Initiative\"},\"image\":{\"@id\":\"https:\\\/\\\/izzydoll.org\\\/en\\\/#\\\/schema\\\/logo\\\/image\\\/\"},\"sameAs\":[\"https:\\\/\\\/www.facebook.com\\\/izzydolls\\\/\"]}]}<\/script>\n<!-- \/ Yoast SEO plugin. -->","yoast_head_json":{"title":"Ontario - IZZY DOLL INITIATIVE","description":"Find a drop-off location near you to donate your handmade Izzy Dolls and bring comfort to children in need around the world.","robots":{"index":"index","follow":"follow","max-snippet":"max-snippet:-1","max-image-preview":"max-image-preview:large","max-video-preview":"max-video-preview:-1"},"canonical":"https:\/\/izzydoll.org\/fr\/drop-off-locations\/ontario\/","og_locale":"fr_FR","og_type":"article","og_title":"Izzy Doll Initiative Drop-Off Locations","og_description":"Find a drop-off location near you to donate your handmade Izzy Dolls and bring comfort to children in need around the world.","og_url":"https:\/\/izzydoll.org\/fr\/drop-off-locations\/ontario\/","og_site_name":"IZZY DOLL INITIATIVE","article_publisher":"https:\/\/www.facebook.com\/izzydolls\/","article_modified_time":"2026-02-11T16:41:25+00:00","og_image":[{"width":512,"height":512,"url":"https:\/\/izzydoll.org\/wp-content\/uploads\/2024\/10\/cropped-cropped-IZZY-DOLL-Initiative-Icon-Small-White-Bkgrd.png","type":"image\/png"}],"twitter_card":"summary_large_image","twitter_misc":{"Dur\u00e9e de lecture estim\u00e9e":"3 minutes"},"schema":{"@context":"https:\/\/schema.org","@graph":[{"@type":"WebPage","@id":"https:\/\/izzydoll.org\/drop-off-locations\/ontario\/","url":"https:\/\/izzydoll.org\/drop-off-locations\/ontario\/","name":"Ontario - IZZY DOLL INITIATIVE","isPartOf":{"@id":"https:\/\/izzydoll.org\/en\/#website"},"primaryImageOfPage":{"@id":"https:\/\/izzydoll.org\/drop-off-locations\/ontario\/#primaryimage"},"image":{"@id":"https:\/\/izzydoll.org\/drop-off-locations\/ontario\/#primaryimage"},"thumbnailUrl":"https:\/\/izzydoll.org\/wp-content\/uploads\/2024\/10\/cropped-IZZY-DOLL-Initiative-Icon-Small-White-Bkgrd.png","datePublished":"2024-10-13T16:09:47+00:00","dateModified":"2026-02-11T16:41:25+00:00","description":"Find a drop-off location near you to donate your handmade Izzy Dolls and bring comfort to children in need around the world.","breadcrumb":{"@id":"https:\/\/izzydoll.org\/drop-off-locations\/ontario\/#breadcrumb"},"inLanguage":"fr-FR","potentialAction":[{"@type":"ReadAction","target":["https:\/\/izzydoll.org\/drop-off-locations\/ontario\/"]}]},{"@type":"ImageObject","inLanguage":"fr-FR","@id":"https:\/\/izzydoll.org\/drop-off-locations\/ontario\/#primaryimage","url":"https:\/\/izzydoll.org\/wp-content\/uploads\/2024\/10\/cropped-IZZY-DOLL-Initiative-Icon-Small-White-Bkgrd.png","contentUrl":"https:\/\/izzydoll.org\/wp-content\/uploads\/2024\/10\/cropped-IZZY-DOLL-Initiative-Icon-Small-White-Bkgrd.png","width":512,"height":512,"caption":"Izzy Doll Initiative"},{"@type":"BreadcrumbList","@id":"https:\/\/izzydoll.org\/drop-off-locations\/ontario\/#breadcrumb","itemListElement":[{"@type":"ListItem","position":1,"name":"Home","item":"https:\/\/izzydoll.org\/"},{"@type":"ListItem","position":2,"name":"DROP-OFF LOCATIONS","item":"https:\/\/izzydoll.org\/drop-off-locations\/"},{"@type":"ListItem","position":3,"name":"Ontario"}]},{"@type":"WebSite","@id":"https:\/\/izzydoll.org\/en\/#website","url":"https:\/\/izzydoll.org\/en\/","name":"izzydoll.org","description":"Un h\u00e9ritage de petits points cr\u00e9ant de GRANDES diff\u00e9rences.","publisher":{"@id":"https:\/\/izzydoll.org\/en\/#organization"},"potentialAction":[{"@type":"SearchAction","target":{"@type":"EntryPoint","urlTemplate":"https:\/\/izzydoll.org\/en\/?s={search_term_string}"},"query-input":{"@type":"PropertyValueSpecification","valueRequired":true,"valueName":"search_term_string"}}],"inLanguage":"fr-FR"},{"@type":"Organization","@id":"https:\/\/izzydoll.org\/en\/#organization","name":"l'Initiative des poup\u00e9es Izzy","url":"https:\/\/izzydoll.org\/en\/","logo":{"@type":"ImageObject","inLanguage":"fr-FR","@id":"https:\/\/izzydoll.org\/en\/#\/schema\/logo\/image\/","url":"https:\/\/izzydoll.org\/wp-content\/uploads\/2024\/10\/cropped-IZZY-DOLL-Initiative-Logo-1.png","contentUrl":"https:\/\/izzydoll.org\/wp-content\/uploads\/2024\/10\/cropped-IZZY-DOLL-Initiative-Logo-1.png","width":959,"height":497,"caption":"Izzy Doll Initiative"},"image":{"@id":"https:\/\/izzydoll.org\/en\/#\/schema\/logo\/image\/"},"sameAs":["https:\/\/www.facebook.com\/izzydolls\/"]}]}},"jetpack_sharing_enabled":true,"_links":{"self":[{"href":"https:\/\/izzydoll.org\/fr\/wp-json\/wp\/v2\/pages\/106","targetHints":{"allow":["GET"]}}],"collection":[{"href":"https:\/\/izzydoll.org\/fr\/wp-json\/wp\/v2\/pages"}],"about":[{"href":"https:\/\/izzydoll.org\/fr\/wp-json\/wp\/v2\/types\/page"}],"author":[{"embeddable":true,"href":"https:\/\/izzydoll.org\/fr\/wp-json\/wp\/v2\/users\/1"}],"replies":[{"embeddable":true,"href":"https:\/\/izzydoll.org\/fr\/wp-json\/wp\/v2\/comments?post=106"}],"version-history":[{"count":17,"href":"https:\/\/izzydoll.org\/fr\/wp-json\/wp\/v2\/pages\/106\/revisions"}],"predecessor-version":[{"id":1426,"href":"https:\/\/izzydoll.org\/fr\/wp-json\/wp\/v2\/pages\/106\/revisions\/1426"}],"up":[{"embeddable":true,"href":"https:\/\/izzydoll.org\/fr\/wp-json\/wp\/v2\/pages\/89"}],"wp:featuredmedia":[{"embeddable":true,"href":"https:\/\/izzydoll.org\/fr\/wp-json\/wp\/v2\/media\/8"}],"wp:attachment":[{"href":"https:\/\/izzydoll.org\/fr\/wp-json\/wp\/v2\/media?parent=106"}],"curies":[{"name":"wp","href":"https:\/\/api.w.org\/{rel}","templated":true}]}}