{"id":103,"date":"2024-10-13T10:30:37","date_gmt":"2024-10-13T14:30:37","guid":{"rendered":"https:\/\/izzydoll.org\/?page_id=103"},"modified":"2026-02-11T12:38:49","modified_gmt":"2026-02-11T16:38:49","slug":"british-columbia-colombie-britannique","status":"publish","type":"page","link":"https:\/\/izzydoll.org\/fr\/drop-off-locations\/british-columbia-colombie-britannique\/","title":{"rendered":"Colombie-Britannique"},"content":{"rendered":"<figure class=\"wp-block-image size-full\"><img loading=\"lazy\" decoding=\"async\" width=\"4723\" height=\"624\" src=\"https:\/\/izzydoll.org\/wp-content\/uploads\/2024\/10\/header-izzy-dolls-5.png\" alt=\"\" class=\"wp-image-200\" srcset=\"https:\/\/izzydoll.org\/wp-content\/uploads\/2024\/10\/header-izzy-dolls-5.png 4723w, https:\/\/izzydoll.org\/wp-content\/uploads\/2024\/10\/header-izzy-dolls-5-300x40.png 300w, https:\/\/izzydoll.org\/wp-content\/uploads\/2024\/10\/header-izzy-dolls-5-1024x135.png 1024w, https:\/\/izzydoll.org\/wp-content\/uploads\/2024\/10\/header-izzy-dolls-5-768x101.png 768w, https:\/\/izzydoll.org\/wp-content\/uploads\/2024\/10\/header-izzy-dolls-5-1536x203.png 1536w, https:\/\/izzydoll.org\/wp-content\/uploads\/2024\/10\/header-izzy-dolls-5-2048x271.png 2048w, https:\/\/izzydoll.org\/wp-content\/uploads\/2024\/10\/header-izzy-dolls-5-18x2.png 18w\" sizes=\"auto, (max-width: 4723px) 100vw, 4723px\" \/><\/figure>\n\n\n\n<h3 class=\"wp-block-heading\">Les poup\u00e9es Izzy peuvent \u00eatre livr\u00e9es aux endroits en Colombie-Britannique ci-dessous :<\/h3>\n\n\n\n<p>Chaque poup\u00e9e Izzy est cr\u00e9\u00e9e en m\u00e9moire du caporal-chef Mark Isfeld et destin\u00e9e \u00e0 \u00eatre distribu\u00e9e aux enfants dans le besoin dans le cadre de l'Initiative des poup\u00e9es Izzy. Elles ne peuvent \u00eatre ni achet\u00e9es ni vendues, elles doivent toujours \u00eatre offertes gratuitement aux enfants ayant besoin de r\u00e9confort.<\/p>\n\n\n\n<p>N'oubliez pas que les poup\u00e9es Izzy doivent repr\u00e9senter des humains avec une couleur de peau naturelle allant du brun fonc\u00e9 au rose p\u00e2le et qu'elles doivent mesurer entre 12 et 15 centim\u00e8tres, car leur but initial est de pouvoir tenir dans les poches des soldats. N'h\u00e9sitez pas \u00e0 faire preuve de cr\u00e9ativit\u00e9 pour les v\u00eatements, la longueur et la couleur des cheveux, ainsi que les accessoires tels que les foulards et les ceintures!<\/p>\n\n\n\n<p>Merci de partager vos cr\u00e9ations avec <a href=\"mailto:info@izzydoll.org\">info@izzydoll.org<\/a>\u00a0avant de les envoyer. Merci \u00e0 vous !<\/p>\n\n\n\n<div class=\"wp-block-columns is-layout-flex wp-container-core-columns-is-layout-28f84493 wp-block-columns-is-layout-flex\">\n<div class=\"wp-block-column is-layout-flow wp-block-column-is-layout-flow\" style=\"flex-basis:25%\">\n<figure class=\"wp-block-image size-full\"><img loading=\"lazy\" decoding=\"async\" width=\"960\" height=\"540\" src=\"http:\/\/izzydoll.org\/wp-content\/uploads\/2024\/10\/BC.png\" alt=\"\" class=\"wp-image-84\" srcset=\"https:\/\/izzydoll.org\/wp-content\/uploads\/2024\/10\/BC.png 960w, https:\/\/izzydoll.org\/wp-content\/uploads\/2024\/10\/BC-300x169.png 300w, https:\/\/izzydoll.org\/wp-content\/uploads\/2024\/10\/BC-768x432.png 768w, https:\/\/izzydoll.org\/wp-content\/uploads\/2024\/10\/BC-18x10.png 18w\" sizes=\"auto, (max-width: 960px) 100vw, 960px\" \/><\/figure>\n<\/div>\n\n\n\n<div class=\"wp-block-column is-layout-flow wp-block-column-is-layout-flow\" style=\"flex-basis:50%\">\n<h4 class=\"wp-block-heading\"><strong>Compassionate Resources Warehouse<\/strong><\/h4>\n\n\n\n<p><strong>D\u00e9p\u00f4t en personne :<\/strong><br>Les modalit\u00e9s de d\u00e9p\u00f4t des poup\u00e9es Izzy peuvent \u00eatre prises en appelant Dell Marie Wergeland, pr\u00e9sidente de CRW, au 250-381-4483.<\/p>\n\n\n\n<p><strong>Colis par courrier :<\/strong><br><strong>Attention : <\/strong>Dell Marie Wergeland, President CRW<br>PO Box 99900 ZY 806 395<br>RPO Gorge<br>Victoria, BC V9A 0E2<\/p>\n\n\n\n<p><strong>Site Web :<\/strong> <a href=\"https:\/\/www.crwarehouse.ca\/\">www.crwarehouse.ca<\/a><\/p>\n<\/div>\n\n\n\n<div class=\"wp-block-column is-layout-flow wp-block-column-is-layout-flow\" style=\"flex-basis:25%\">\n<ul class=\"wp-block-list\">\n<li>Compassionate Resources Warehouse accepte les poup\u00e9es Izzy afin qu'elles soient distribu\u00e9es aux enfants dans le besoin en Ukraine, au Ghana, en \u00c9thiopie et dans d'autres pays.<\/li>\n<\/ul>\n<\/div>\n<\/div>","protected":false},"excerpt":{"rendered":"<p>Izzy Dolls can be delivered to the British Columbia locations below: All Izzy Dolls are created in memory of Master [&hellip;]<\/p>\n","protected":false},"author":1,"featured_media":8,"parent":89,"menu_order":0,"comment_status":"closed","ping_status":"closed","template":"","meta":{"site-sidebar-layout":"default","site-content-layout":"","ast-site-content-layout":"default","site-content-style":"default","site-sidebar-style":"default","ast-global-header-display":"","ast-banner-title-visibility":"","ast-main-header-display":"","ast-hfb-above-header-display":"","ast-hfb-below-header-display":"","ast-hfb-mobile-header-display":"","site-post-title":"disabled","ast-breadcrumbs-content":"","ast-featured-img":"disabled","footer-sml-layout":"","ast-disable-related-posts":"","theme-transparent-header-meta":"","adv-header-id-meta":"","stick-header-meta":"","header-above-stick-meta":"","header-main-stick-meta":"","header-below-stick-meta":"","astra-migrate-meta-layouts":"default","ast-page-background-enabled":"default","ast-page-background-meta":{"desktop":{"background-color":"var(--ast-global-color-4)","background-image":"","background-repeat":"repeat","background-position":"center center","background-size":"auto","background-attachment":"scroll","background-type":"","background-media":"","overlay-type":"","overlay-color":"","overlay-opacity":"","overlay-gradient":""},"tablet":{"background-color":"","background-image":"","background-repeat":"repeat","background-position":"center center","background-size":"auto","background-attachment":"scroll","background-type":"","background-media":"","overlay-type":"","overlay-color":"","overlay-opacity":"","overlay-gradient":""},"mobile":{"background-color":"","background-image":"","background-repeat":"repeat","background-position":"center center","background-size":"auto","background-attachment":"scroll","background-type":"","background-media":"","overlay-type":"","overlay-color":"","overlay-opacity":"","overlay-gradient":""}},"ast-content-background-meta":{"desktop":{"background-color":"var(--ast-global-color-5)","background-image":"","background-repeat":"repeat","background-position":"center center","background-size":"auto","background-attachment":"scroll","background-type":"","background-media":"","overlay-type":"","overlay-color":"","overlay-opacity":"","overlay-gradient":""},"tablet":{"background-color":"var(--ast-global-color-5)","background-image":"","background-repeat":"repeat","background-position":"center center","background-size":"auto","background-attachment":"scroll","background-type":"","background-media":"","overlay-type":"","overlay-color":"","overlay-opacity":"","overlay-gradient":""},"mobile":{"background-color":"var(--ast-global-color-5)","background-image":"","background-repeat":"repeat","background-position":"center center","background-size":"auto","background-attachment":"scroll","background-type":"","background-media":"","overlay-type":"","overlay-color":"","overlay-opacity":"","overlay-gradient":""}},"footnotes":""},"class_list":["post-103","page","type-page","status-publish","has-post-thumbnail","hentry"],"featured_image_src":"https:\/\/izzydoll.org\/wp-content\/uploads\/2024\/10\/cropped-IZZY-DOLL-Initiative-Icon-Small-White-Bkgrd.png","yoast_head":"<!-- This site is optimized with the Yoast SEO plugin v27.4 - https:\/\/yoast.com\/product\/yoast-seo-wordpress\/ -->\n<title>British Columbia - IZZY DOLL INITIATIVE<\/title>\n<meta name=\"description\" content=\"Find a drop-off location near you to donate your handmade Izzy Dolls and bring comfort to children in need around the world.\" \/>\n<meta name=\"robots\" content=\"index, follow, max-snippet:-1, max-image-preview:large, max-video-preview:-1\" \/>\n<link rel=\"canonical\" href=\"https:\/\/izzydoll.org\/fr\/drop-off-locations\/british-columbia-colombie-britannique\/\" \/>\n<meta property=\"og:locale\" content=\"fr_FR\" \/>\n<meta property=\"og:type\" content=\"article\" \/>\n<meta property=\"og:title\" content=\"Izzy Doll Initiative - Drop-off Locations\" \/>\n<meta property=\"og:description\" content=\"Find a drop-off location near you to donate your handmade Izzy Dolls and bring comfort to children in need around the world.\" \/>\n<meta property=\"og:url\" content=\"https:\/\/izzydoll.org\/fr\/drop-off-locations\/british-columbia-colombie-britannique\/\" \/>\n<meta property=\"og:site_name\" content=\"IZZY DOLL INITIATIVE\" \/>\n<meta property=\"article:publisher\" content=\"https:\/\/www.facebook.com\/izzydolls\/\" \/>\n<meta property=\"article:modified_time\" content=\"2026-02-11T16:38:49+00:00\" \/>\n<meta property=\"og:image\" content=\"https:\/\/izzydoll.org\/wp-content\/uploads\/2024\/10\/cropped-cropped-IZZY-DOLL-Initiative-Icon-Small-White-Bkgrd.png\" \/>\n\t<meta property=\"og:image:width\" content=\"512\" \/>\n\t<meta property=\"og:image:height\" content=\"512\" \/>\n\t<meta property=\"og:image:type\" content=\"image\/png\" \/>\n<meta name=\"twitter:card\" content=\"summary_large_image\" \/>\n<meta name=\"twitter:label1\" content=\"Dur\u00e9e de lecture estim\u00e9e\" \/>\n\t<meta name=\"twitter:data1\" content=\"2 minutes\" \/>\n<script type=\"application\/ld+json\" class=\"yoast-schema-graph\">{\"@context\":\"https:\\\/\\\/schema.org\",\"@graph\":[{\"@type\":\"WebPage\",\"@id\":\"https:\\\/\\\/izzydoll.org\\\/drop-off-locations\\\/british-columbia-colombie-britannique\\\/\",\"url\":\"https:\\\/\\\/izzydoll.org\\\/drop-off-locations\\\/british-columbia-colombie-britannique\\\/\",\"name\":\"British Columbia - IZZY DOLL INITIATIVE\",\"isPartOf\":{\"@id\":\"https:\\\/\\\/izzydoll.org\\\/en\\\/#website\"},\"primaryImageOfPage\":{\"@id\":\"https:\\\/\\\/izzydoll.org\\\/drop-off-locations\\\/british-columbia-colombie-britannique\\\/#primaryimage\"},\"image\":{\"@id\":\"https:\\\/\\\/izzydoll.org\\\/drop-off-locations\\\/british-columbia-colombie-britannique\\\/#primaryimage\"},\"thumbnailUrl\":\"https:\\\/\\\/izzydoll.org\\\/wp-content\\\/uploads\\\/2024\\\/10\\\/cropped-IZZY-DOLL-Initiative-Icon-Small-White-Bkgrd.png\",\"datePublished\":\"2024-10-13T14:30:37+00:00\",\"dateModified\":\"2026-02-11T16:38:49+00:00\",\"description\":\"Find a drop-off location near you to donate your handmade Izzy Dolls and bring comfort to children in need around the world.\",\"breadcrumb\":{\"@id\":\"https:\\\/\\\/izzydoll.org\\\/drop-off-locations\\\/british-columbia-colombie-britannique\\\/#breadcrumb\"},\"inLanguage\":\"fr-FR\",\"potentialAction\":[{\"@type\":\"ReadAction\",\"target\":[\"https:\\\/\\\/izzydoll.org\\\/drop-off-locations\\\/british-columbia-colombie-britannique\\\/\"]}]},{\"@type\":\"ImageObject\",\"inLanguage\":\"fr-FR\",\"@id\":\"https:\\\/\\\/izzydoll.org\\\/drop-off-locations\\\/british-columbia-colombie-britannique\\\/#primaryimage\",\"url\":\"https:\\\/\\\/izzydoll.org\\\/wp-content\\\/uploads\\\/2024\\\/10\\\/cropped-IZZY-DOLL-Initiative-Icon-Small-White-Bkgrd.png\",\"contentUrl\":\"https:\\\/\\\/izzydoll.org\\\/wp-content\\\/uploads\\\/2024\\\/10\\\/cropped-IZZY-DOLL-Initiative-Icon-Small-White-Bkgrd.png\",\"width\":512,\"height\":512,\"caption\":\"Izzy Doll Initiative\"},{\"@type\":\"BreadcrumbList\",\"@id\":\"https:\\\/\\\/izzydoll.org\\\/drop-off-locations\\\/british-columbia-colombie-britannique\\\/#breadcrumb\",\"itemListElement\":[{\"@type\":\"ListItem\",\"position\":1,\"name\":\"Home\",\"item\":\"https:\\\/\\\/izzydoll.org\\\/\"},{\"@type\":\"ListItem\",\"position\":2,\"name\":\"DROP-OFF LOCATIONS\",\"item\":\"https:\\\/\\\/izzydoll.org\\\/drop-off-locations\\\/\"},{\"@type\":\"ListItem\",\"position\":3,\"name\":\"British Columbia\"}]},{\"@type\":\"WebSite\",\"@id\":\"https:\\\/\\\/izzydoll.org\\\/en\\\/#website\",\"url\":\"https:\\\/\\\/izzydoll.org\\\/en\\\/\",\"name\":\"izzydoll.org\",\"description\":\"A legacy of small stitches making BIG differences.\",\"publisher\":{\"@id\":\"https:\\\/\\\/izzydoll.org\\\/en\\\/#organization\"},\"potentialAction\":[{\"@type\":\"SearchAction\",\"target\":{\"@type\":\"EntryPoint\",\"urlTemplate\":\"https:\\\/\\\/izzydoll.org\\\/en\\\/?s={search_term_string}\"},\"query-input\":{\"@type\":\"PropertyValueSpecification\",\"valueRequired\":true,\"valueName\":\"search_term_string\"}}],\"inLanguage\":\"fr-FR\"},{\"@type\":\"Organization\",\"@id\":\"https:\\\/\\\/izzydoll.org\\\/en\\\/#organization\",\"name\":\"Izzy Doll Initiative\",\"url\":\"https:\\\/\\\/izzydoll.org\\\/en\\\/\",\"logo\":{\"@type\":\"ImageObject\",\"inLanguage\":\"fr-FR\",\"@id\":\"https:\\\/\\\/izzydoll.org\\\/en\\\/#\\\/schema\\\/logo\\\/image\\\/\",\"url\":\"https:\\\/\\\/izzydoll.org\\\/wp-content\\\/uploads\\\/2024\\\/10\\\/cropped-IZZY-DOLL-Initiative-Logo-1.png\",\"contentUrl\":\"https:\\\/\\\/izzydoll.org\\\/wp-content\\\/uploads\\\/2024\\\/10\\\/cropped-IZZY-DOLL-Initiative-Logo-1.png\",\"width\":959,\"height\":497,\"caption\":\"Izzy Doll Initiative\"},\"image\":{\"@id\":\"https:\\\/\\\/izzydoll.org\\\/en\\\/#\\\/schema\\\/logo\\\/image\\\/\"},\"sameAs\":[\"https:\\\/\\\/www.facebook.com\\\/izzydolls\\\/\"]}]}<\/script>\n<!-- \/ Yoast SEO plugin. -->","yoast_head_json":{"title":"British Columbia - IZZY DOLL INITIATIVE","description":"Find a drop-off location near you to donate your handmade Izzy Dolls and bring comfort to children in need around the world.","robots":{"index":"index","follow":"follow","max-snippet":"max-snippet:-1","max-image-preview":"max-image-preview:large","max-video-preview":"max-video-preview:-1"},"canonical":"https:\/\/izzydoll.org\/fr\/drop-off-locations\/british-columbia-colombie-britannique\/","og_locale":"fr_FR","og_type":"article","og_title":"Izzy Doll Initiative - Drop-off Locations","og_description":"Find a drop-off location near you to donate your handmade Izzy Dolls and bring comfort to children in need around the world.","og_url":"https:\/\/izzydoll.org\/fr\/drop-off-locations\/british-columbia-colombie-britannique\/","og_site_name":"IZZY DOLL INITIATIVE","article_publisher":"https:\/\/www.facebook.com\/izzydolls\/","article_modified_time":"2026-02-11T16:38:49+00:00","og_image":[{"width":512,"height":512,"url":"https:\/\/izzydoll.org\/wp-content\/uploads\/2024\/10\/cropped-cropped-IZZY-DOLL-Initiative-Icon-Small-White-Bkgrd.png","type":"image\/png"}],"twitter_card":"summary_large_image","twitter_misc":{"Dur\u00e9e de lecture estim\u00e9e":"2 minutes"},"schema":{"@context":"https:\/\/schema.org","@graph":[{"@type":"WebPage","@id":"https:\/\/izzydoll.org\/drop-off-locations\/british-columbia-colombie-britannique\/","url":"https:\/\/izzydoll.org\/drop-off-locations\/british-columbia-colombie-britannique\/","name":"British Columbia - IZZY DOLL INITIATIVE","isPartOf":{"@id":"https:\/\/izzydoll.org\/en\/#website"},"primaryImageOfPage":{"@id":"https:\/\/izzydoll.org\/drop-off-locations\/british-columbia-colombie-britannique\/#primaryimage"},"image":{"@id":"https:\/\/izzydoll.org\/drop-off-locations\/british-columbia-colombie-britannique\/#primaryimage"},"thumbnailUrl":"https:\/\/izzydoll.org\/wp-content\/uploads\/2024\/10\/cropped-IZZY-DOLL-Initiative-Icon-Small-White-Bkgrd.png","datePublished":"2024-10-13T14:30:37+00:00","dateModified":"2026-02-11T16:38:49+00:00","description":"Find a drop-off location near you to donate your handmade Izzy Dolls and bring comfort to children in need around the world.","breadcrumb":{"@id":"https:\/\/izzydoll.org\/drop-off-locations\/british-columbia-colombie-britannique\/#breadcrumb"},"inLanguage":"fr-FR","potentialAction":[{"@type":"ReadAction","target":["https:\/\/izzydoll.org\/drop-off-locations\/british-columbia-colombie-britannique\/"]}]},{"@type":"ImageObject","inLanguage":"fr-FR","@id":"https:\/\/izzydoll.org\/drop-off-locations\/british-columbia-colombie-britannique\/#primaryimage","url":"https:\/\/izzydoll.org\/wp-content\/uploads\/2024\/10\/cropped-IZZY-DOLL-Initiative-Icon-Small-White-Bkgrd.png","contentUrl":"https:\/\/izzydoll.org\/wp-content\/uploads\/2024\/10\/cropped-IZZY-DOLL-Initiative-Icon-Small-White-Bkgrd.png","width":512,"height":512,"caption":"Izzy Doll Initiative"},{"@type":"BreadcrumbList","@id":"https:\/\/izzydoll.org\/drop-off-locations\/british-columbia-colombie-britannique\/#breadcrumb","itemListElement":[{"@type":"ListItem","position":1,"name":"Home","item":"https:\/\/izzydoll.org\/"},{"@type":"ListItem","position":2,"name":"DROP-OFF LOCATIONS","item":"https:\/\/izzydoll.org\/drop-off-locations\/"},{"@type":"ListItem","position":3,"name":"British Columbia"}]},{"@type":"WebSite","@id":"https:\/\/izzydoll.org\/en\/#website","url":"https:\/\/izzydoll.org\/en\/","name":"izzydoll.org","description":"Un h\u00e9ritage de petits points cr\u00e9ant de GRANDES diff\u00e9rences.","publisher":{"@id":"https:\/\/izzydoll.org\/en\/#organization"},"potentialAction":[{"@type":"SearchAction","target":{"@type":"EntryPoint","urlTemplate":"https:\/\/izzydoll.org\/en\/?s={search_term_string}"},"query-input":{"@type":"PropertyValueSpecification","valueRequired":true,"valueName":"search_term_string"}}],"inLanguage":"fr-FR"},{"@type":"Organization","@id":"https:\/\/izzydoll.org\/en\/#organization","name":"l'Initiative des poup\u00e9es Izzy","url":"https:\/\/izzydoll.org\/en\/","logo":{"@type":"ImageObject","inLanguage":"fr-FR","@id":"https:\/\/izzydoll.org\/en\/#\/schema\/logo\/image\/","url":"https:\/\/izzydoll.org\/wp-content\/uploads\/2024\/10\/cropped-IZZY-DOLL-Initiative-Logo-1.png","contentUrl":"https:\/\/izzydoll.org\/wp-content\/uploads\/2024\/10\/cropped-IZZY-DOLL-Initiative-Logo-1.png","width":959,"height":497,"caption":"Izzy Doll Initiative"},"image":{"@id":"https:\/\/izzydoll.org\/en\/#\/schema\/logo\/image\/"},"sameAs":["https:\/\/www.facebook.com\/izzydolls\/"]}]}},"jetpack_sharing_enabled":true,"_links":{"self":[{"href":"https:\/\/izzydoll.org\/fr\/wp-json\/wp\/v2\/pages\/103","targetHints":{"allow":["GET"]}}],"collection":[{"href":"https:\/\/izzydoll.org\/fr\/wp-json\/wp\/v2\/pages"}],"about":[{"href":"https:\/\/izzydoll.org\/fr\/wp-json\/wp\/v2\/types\/page"}],"author":[{"embeddable":true,"href":"https:\/\/izzydoll.org\/fr\/wp-json\/wp\/v2\/users\/1"}],"replies":[{"embeddable":true,"href":"https:\/\/izzydoll.org\/fr\/wp-json\/wp\/v2\/comments?post=103"}],"version-history":[{"count":11,"href":"https:\/\/izzydoll.org\/fr\/wp-json\/wp\/v2\/pages\/103\/revisions"}],"predecessor-version":[{"id":1416,"href":"https:\/\/izzydoll.org\/fr\/wp-json\/wp\/v2\/pages\/103\/revisions\/1416"}],"up":[{"embeddable":true,"href":"https:\/\/izzydoll.org\/fr\/wp-json\/wp\/v2\/pages\/89"}],"wp:featuredmedia":[{"embeddable":true,"href":"https:\/\/izzydoll.org\/fr\/wp-json\/wp\/v2\/media\/8"}],"wp:attachment":[{"href":"https:\/\/izzydoll.org\/fr\/wp-json\/wp\/v2\/media?parent=103"}],"curies":[{"name":"wp","href":"https:\/\/api.w.org\/{rel}","templated":true}]}}